{"id":148,"date":"2014-09-25T15:03:06","date_gmt":"2014-09-25T11:03:06","guid":{"rendered":"http:\/\/urpspharma.re\/?page_id=148"},"modified":"2020-09-29T14:16:23","modified_gmt":"2020-09-29T10:16:23","slug":"diabete","status":"publish","type":"page","link":"https:\/\/urpspharma.re\/?page_id=148","title":{"rendered":"Diab\u00e8te 2014"},"content":{"rendered":"\n\t\t\t\t<img decoding=\"async\" src=\"http:\/\/urpspharma.re\/wp-content\/uploads\/2017\/09\/cropped-cropped-BANDEAU-980x200px.jpg\" alt=\"cropped-cropped-BANDEAU-980x200px.jpg\" itemprop=\"image\" title=\"cropped-cropped-BANDEAU-980x200px.jpg\"  \/>\n\t<ul>\n<li><strong>Le d\u00e9pistage du diab\u00e8te en officine<\/strong><\/li>\n<\/ul>\n<p><strong>Une campagne de pr\u00e9vention pilot\u00e9e par l\u2019URPS Pharmaciens<\/strong><\/p>\n<p>Le diab\u00e8te touche 60\u00a0000 personnes \u00e0 La R\u00e9union et de nombreuses personnes ignorent leur statut glyc\u00e9mique. Les populations des communes de l\u2019Est sont particuli\u00e8rement concern\u00e9es par la maladie diab\u00e9tique. C\u2019est pourquoi, les pharmaciens de l\u2019Est de l\u2019\u00eele ont \u00e9t\u00e9 mobilis\u00e9s par leur Union R\u00e9gionale (URPS) afin de mettre en \u0153uvre cette op\u00e9ration exp\u00e9rimentale de rep\u00e9rage du diab\u00e8te au sein de leur officine.<\/p>\n<p>Cette action t\u00e9moigne de la volont\u00e9 des pharmaciens de jouer pleinement leur r\u00f4le de professionnels de sant\u00e9 de premiers recours, facilement accessibles sans rendez-vous, en s\u2019impliquant fortement dans une action de pr\u00e9vention ambitieuse. Leur implantation au c\u0153ur des quartiers dont ils connaissent bien la population permet de tisser une relation de confiance privil\u00e9gi\u00e9e. Les officines sont \u00e9galement des lieux de passages importants d\u2019une population qui ne fr\u00e9quente pas toujours les cabinets m\u00e9dicaux, et \u00e0 laquelle il est primordial d\u2019adresser des messages de pr\u00e9vention.<\/p>\n<p>Pendant toute l\u2019ann\u00e9e 2014, 1000 tests gratuits seront effectu\u00e9s dans les 34 pharmacies de l\u2019Est participant \u00e0 l\u2019op\u00e9ration (sur les communes de Sainte-Suzanne \u00e0 Sainte\u2013Rose, en passant par Salazie et la Plaine des Palmistes). Un entretien avec le pharmacien dans un espace pr\u00e9servant la confidentialit\u00e9 permettra de compl\u00e9ter une fiche de suivi, et le traitement de ces donn\u00e9es, pr\u00e9alablement anonymis\u00e9es, sera confi\u00e9 \u00e0 l\u2019Observatoire R\u00e9gional de la Sant\u00e9 afin de r\u00e9aliser une synth\u00e8se des donn\u00e9es recueillies <strong><a title=\"Bilan des d\u00e9pistages du diab\u00e8te dans l\u2019EST au 31\/10\/14\" href=\"http:\/\/urpspharma.re\/?page_id=290\">(acc\u00e9der au bilan au 31\/10\/2014)<\/a><\/strong>.<\/p>\n<p>Les patients d\u00e9tect\u00e9s \u00e0 risque seront rappel\u00e9s t\u00e9l\u00e9phoniquement apr\u00e8s quelques semaines pour v\u00e9rifier s\u2019ils int\u00e8grent bien le parcours de sant\u00e9. Pilot\u00e9 par l\u2019URPS Pharmaciens de La R\u00e9union, le projet est financ\u00e9 par le fonds de dotation \u00ab\u00a0Muta R\u00e9union\u00a0\u00bb et l\u2019Agence de Sant\u00e9 Oc\u00e9an Indien.<\/p>\n<p><strong>DIABETE\u00a0: IL N\u2019Y A PAS DE FATALITE\u00a0!<\/strong><\/p>\n<h3><a href=\"http:\/\/urpspharma.re\/wp-content\/uploads\/2014\/09\/fiche-action-diab\u00e8te-com.pdf\">Consulter le projet de l&#8217;URPS Pharmaciens<\/a><\/h3>\n<h3><a href=\"https:\/\/docs.google.com\/forms\/d\/1t5CpLIMvRybvucNGAXKs1xMRcuVtpwdQ0MrWJ6F53c0\/viewform\">S&#8217;inscrire et participer \u00e0 l&#8217;\u00e9laboration du projet<\/a><\/h3>\n","protected":false},"excerpt":{"rendered":"<p>Le d\u00e9pistage du diab\u00e8te en officine Une campagne de pr\u00e9vention pilot\u00e9e par l\u2019URPS Pharmaciens Le diab\u00e8te touche 60\u00a0000 personnes \u00e0 La R\u00e9union et de nombreuses personnes ignorent leur statut glyc\u00e9mique. Les populations des communes de l\u2019Est sont particuli\u00e8rement concern\u00e9es par la maladie diab\u00e9tique. C\u2019est pourquoi, les pharmaciens de l\u2019Est de l\u2019\u00eele ont \u00e9t\u00e9 mobilis\u00e9s par&hellip;<\/p>\n","protected":false},"author":3,"featured_media":0,"parent":0,"menu_order":0,"comment_status":"closed","ping_status":"open","template":"","meta":{"footnotes":""},"amp_enabled":true,"_links":{"self":[{"href":"https:\/\/urpspharma.re\/index.php?rest_route=\/wp\/v2\/pages\/148"}],"collection":[{"href":"https:\/\/urpspharma.re\/index.php?rest_route=\/wp\/v2\/pages"}],"about":[{"href":"https:\/\/urpspharma.re\/index.php?rest_route=\/wp\/v2\/types\/page"}],"author":[{"embeddable":true,"href":"https:\/\/urpspharma.re\/index.php?rest_route=\/wp\/v2\/users\/3"}],"replies":[{"embeddable":true,"href":"https:\/\/urpspharma.re\/index.php?rest_route=%2Fwp%2Fv2%2Fcomments&post=148"}],"version-history":[{"count":11,"href":"https:\/\/urpspharma.re\/index.php?rest_route=\/wp\/v2\/pages\/148\/revisions"}],"predecessor-version":[{"id":3764,"href":"https:\/\/urpspharma.re\/index.php?rest_route=\/wp\/v2\/pages\/148\/revisions\/3764"}],"wp:attachment":[{"href":"https:\/\/urpspharma.re\/index.php?rest_route=%2Fwp%2Fv2%2Fmedia&parent=148"}],"curies":[{"name":"wp","href":"https:\/\/api.w.org\/{rel}","templated":true}]}}