{"id":2138,"date":"2019-03-15T13:54:07","date_gmt":"2019-03-15T09:54:07","guid":{"rendered":"http:\/\/urpspharma.re\/?page_id=2138"},"modified":"2023-08-22T14:20:46","modified_gmt":"2023-08-22T10:20:46","slug":"bilan-2016-mon-pharmacien-et-mois-sans-tabac-2","status":"publish","type":"page","link":"https:\/\/urpspharma.re\/?page_id=2138","title":{"rendered":"Action : Bilan &#8211; rep\u00e9rage diab\u00e8te en officine"},"content":{"rendered":"<h1>\n\t\tBILANS\n\t<\/h1>\n<h1>\n\t\tRep\u00e9rage diab\u00e8te en officine\n\t<\/h1>\n<h1>\n\t\t2016-2018\n\t<\/h1>\n\t<p>L\u2019URPS Pharmaciens de l\u2019\u00eele de La R\u00e9union, en partenariat avec l\u2019Agence R\u00e9gionale de Sant\u00e9 et le fonds de dotation Muta R\u00e9union, m\u00e8ne \u00e0 nouveau cette ann\u00e9e une grande op\u00e9ration de rep\u00e9rage du diab\u00e8te dans toute l\u2019\u00eele. Cette ann\u00e9e, 125 pharmacies, soit presque le double d\u2019officines par rapport \u00e0 l\u2019\u00e9dition pr\u00e9c\u00e9dente, participent \u00e0 l\u2019op\u00e9ration pour rep\u00e9rer au moins 1 500 personnes.<\/p>\n<p>Fin de l&#8217;op\u00e9ration 31\/12\/2018<\/p>\n\t\t\t<a href=\"https:\/\/drive.google.com\/file\/d\/198TFwoC8qrQA4PgPZmmC0O8KyCgRJRpE\/view?usp=sharing\" target=\"_blank\" role=\"button\" rel=\"noopener noreferrer\">\n\t\t\t\t\t\tBILAN 2016 &#8211; 2018\n\t\t\t\t\t<\/a>\n\t\t\t<a href=\"https:\/\/drive.google.com\/file\/d\/1KuuTJIeLELe_twWhGspjNaopXA1KV1oF\/view?usp=sharing\" target=\"_blank\" role=\"button\" rel=\"noopener noreferrer\">\n\t\t\t\t\t\tRapport de l&#8217;ORS\n\t\t\t\t\t<\/a>\n\t\t\t\t<a href=\"https:\/\/urpspharma.re\/wp-content\/uploads\/2019\/03\/AFFICHE522.png\" target=\"_self\" itemprop=\"url\" rel=\"noopener noreferrer\">\n\t\t\t\t<img decoding=\"async\" src=\"http:\/\/urpspharma.re\/wp-content\/uploads\/2019\/03\/AFFICHE522-223x300.png\" alt=\"AFFICHE522\" itemprop=\"image\" title=\"AFFICHE522\"  \/>\n\t\t\t\t<\/a>\n<h1>\n\t\t2013-2015\n\t<\/h1>\n\t<p>1er temps : Bassin Est<\/p>\n<p>1000 tests gratuits seront effectu\u00e9s dans les 34 pharmacies de l\u2019Est participant \u00e0 l&#8217;op\u00e9ration (sur les communes de Sainte-Suzanne \u00e0 Sainte-Rose, en passant par Salazie et la Plaine des Palmistes).<\/p>\n<p>2\u00e8me temps :<\/p>\n<p>L&#8217;exp\u00e9rimentation de rep\u00e9rage du diab\u00e8te d&#8217;\u00e9tend sur toute l&#8217;Il en partenariat avec l\u2019Agence R\u00e9gionale de Sant\u00e9 et le fonds de dotation Muta R\u00e9union.<\/p>\n\t\t\t<a href=\"https:\/\/drive.google.com\/file\/d\/0B6d5KSkLcnFtQUNGMmxkUHgxMDA\/view\" target=\"_blank\" role=\"button\" rel=\"noopener noreferrer\">\n\t\t\t\t\t\tSynth\u00e8se URPS &#8211; Analyse des donn\u00e9es ORS\n\t\t\t\t\t<\/a>\n\t\t\t<a href=\"https:\/\/drive.google.com\/file\/d\/0B6INdQizpimkMTVBQTJFNThDRjhDQkFEQjowLjE\/view?usp=sharing\" target=\"_blank\" role=\"button\" rel=\"noopener noreferrer\">\n\t\t\t\t\t\tRapport de l&#8217;ORS\n\t\t\t\t\t<\/a>\n\t\t\t\t<a href=\"https:\/\/urpspharma.re\/wp-content\/uploads\/2019\/03\/AFFICHE.png\" target=\"_self\" itemprop=\"url\" rel=\"noopener noreferrer\">\n\t\t\t\t<img decoding=\"async\" src=\"http:\/\/urpspharma.re\/wp-content\/uploads\/2019\/03\/AFFICHE.png\" alt=\"AFFICHE\" itemprop=\"image\" title=\"AFFICHE\"  \/>\n\t\t\t\t<\/a>\n","protected":false},"excerpt":{"rendered":"<p>BILANS Rep\u00e9rage diab\u00e8te en officine 2016-2018 L\u2019URPS Pharmaciens de l\u2019\u00eele de La R\u00e9union, en partenariat avec l\u2019Agence R\u00e9gionale de Sant\u00e9 et le fonds de dotation Muta R\u00e9union, m\u00e8ne \u00e0 nouveau cette ann\u00e9e une grande op\u00e9ration de rep\u00e9rage du diab\u00e8te dans toute l\u2019\u00eele. Cette ann\u00e9e, 125 pharmacies, soit presque le double d\u2019officines par rapport \u00e0 l\u2019\u00e9dition&hellip;<\/p>\n","protected":false},"author":3,"featured_media":0,"parent":0,"menu_order":0,"comment_status":"closed","ping_status":"closed","template":"","meta":{"footnotes":""},"amp_enabled":true,"_links":{"self":[{"href":"https:\/\/urpspharma.re\/index.php?rest_route=\/wp\/v2\/pages\/2138"}],"collection":[{"href":"https:\/\/urpspharma.re\/index.php?rest_route=\/wp\/v2\/pages"}],"about":[{"href":"https:\/\/urpspharma.re\/index.php?rest_route=\/wp\/v2\/types\/page"}],"author":[{"embeddable":true,"href":"https:\/\/urpspharma.re\/index.php?rest_route=\/wp\/v2\/users\/3"}],"replies":[{"embeddable":true,"href":"https:\/\/urpspharma.re\/index.php?rest_route=%2Fwp%2Fv2%2Fcomments&post=2138"}],"version-history":[{"count":13,"href":"https:\/\/urpspharma.re\/index.php?rest_route=\/wp\/v2\/pages\/2138\/revisions"}],"predecessor-version":[{"id":5799,"href":"https:\/\/urpspharma.re\/index.php?rest_route=\/wp\/v2\/pages\/2138\/revisions\/5799"}],"wp:attachment":[{"href":"https:\/\/urpspharma.re\/index.php?rest_route=%2Fwp%2Fv2%2Fmedia&parent=2138"}],"curies":[{"name":"wp","href":"https:\/\/api.w.org\/{rel}","templated":true}]}}