{"id":2187,"date":"2019-03-27T10:17:23","date_gmt":"2019-03-27T06:17:23","guid":{"rendered":"http:\/\/urpspharma.re\/?page_id=2187"},"modified":"2025-02-13T09:56:25","modified_gmt":"2025-02-13T05:56:25","slug":"bilan-2016-mon-pharmacien-et-mois-sans-tabac-3-2","status":"publish","type":"page","link":"https:\/\/urpspharma.re\/?page_id=2187","title":{"rendered":"Action : Lib&#8217;sans tabac"},"content":{"rendered":"\n<h1>\n\t\t1er octobre 2024 : Arr\u00eat du dispositif Lib&#8217;sans tabac\n\t<\/h1>\n<h3>\n\t\tLib&#8217;sans tabac dans le cadre du P2RT*\n\t<\/h3>\n\t<p><strong>\u00ab Lib sans tabac \u00bb permet de proposer un parcours \u00e0 portes d&#8217;entr\u00e9es multiples aux fumeurs qui souhaitent arr\u00eater de fumer, et surtout de pr\u00e9venir toute rupture de ce parcours gr\u00e2ce \u00e0 une coordination de tous les professionnels : prescripteurs et pharmaciens.<\/strong><\/p>\n<p><strong>*P2RT : Plan de r\u00e9duction du tabagisme<\/strong><\/p>\n\t\t\t<a href=\"http:\/\/libsanstabac.re\/\" target=\"_blank\" rel=\"noopener\">\n\t\t\t\t\t\t\t\u25baSite Lib&#8217;sans tabac\n\t\t\t\t\t<\/a>\n\t\t\t\t<img loading=\"lazy\" decoding=\"async\" src=\"https:\/\/urpspharma.re\/wp-content\/uploads\/2023\/09\/quoi-de-neuf.png\" alt=\"quoi de neuf\" itemprop=\"image\" height=\"2245\" width=\"1587\" title=\"quoi de neuf\" onerror=\"this.style.display='none'\"  \/>\n\n","protected":false},"excerpt":{"rendered":"<p>1er octobre 2024 : Arr\u00eat du dispositif Lib&#8217;sans tabac Lib&#8217;sans tabac dans le cadre du P2RT* \u00ab Lib sans tabac \u00bb permet de proposer un parcours \u00e0 portes d&#8217;entr\u00e9es multiples aux fumeurs qui souhaitent arr\u00eater de fumer, et surtout de pr\u00e9venir toute rupture de ce parcours gr\u00e2ce \u00e0 une coordination de tous les professionnels :&hellip;<\/p>\n","protected":false},"author":3,"featured_media":0,"parent":0,"menu_order":0,"comment_status":"closed","ping_status":"closed","template":"","meta":{"footnotes":""},"amp_enabled":true,"_links":{"self":[{"href":"https:\/\/urpspharma.re\/index.php?rest_route=\/wp\/v2\/pages\/2187"}],"collection":[{"href":"https:\/\/urpspharma.re\/index.php?rest_route=\/wp\/v2\/pages"}],"about":[{"href":"https:\/\/urpspharma.re\/index.php?rest_route=\/wp\/v2\/types\/page"}],"author":[{"embeddable":true,"href":"https:\/\/urpspharma.re\/index.php?rest_route=\/wp\/v2\/users\/3"}],"replies":[{"embeddable":true,"href":"https:\/\/urpspharma.re\/index.php?rest_route=%2Fwp%2Fv2%2Fcomments&post=2187"}],"version-history":[{"count":24,"href":"https:\/\/urpspharma.re\/index.php?rest_route=\/wp\/v2\/pages\/2187\/revisions"}],"predecessor-version":[{"id":6895,"href":"https:\/\/urpspharma.re\/index.php?rest_route=\/wp\/v2\/pages\/2187\/revisions\/6895"}],"wp:attachment":[{"href":"https:\/\/urpspharma.re\/index.php?rest_route=%2Fwp%2Fv2%2Fmedia&parent=2187"}],"curies":[{"name":"wp","href":"https:\/\/api.w.org\/{rel}","templated":true}]}}