{"id":232,"date":"2014-11-10T20:16:34","date_gmt":"2014-11-10T16:16:34","guid":{"rendered":"http:\/\/urpspharma.re\/?page_id=232"},"modified":"2020-09-29T14:36:07","modified_gmt":"2020-09-29T10:36:07","slug":"forum-officinal-2014","status":"publish","type":"page","link":"https:\/\/urpspharma.re\/?page_id=232","title":{"rendered":"Le forum officinal 2014"},"content":{"rendered":"\n\t\t\t\t<img decoding=\"async\" src=\"http:\/\/urpspharma.re\/wp-content\/uploads\/2017\/09\/cropped-cropped-BANDEAU-980x200px.jpg\" alt=\"cropped-cropped-BANDEAU-980x200px.jpg\" itemprop=\"image\" title=\"cropped-cropped-BANDEAU-980x200px.jpg\"  \/>\n\t\t\t\t<a href=\"https:\/\/drive.google.com\/file\/d\/0BxCgNJU0C9EFUE1uT1pwdHJJRGluUkswUVBYaVJUZ1h1Ql9N\/view?usp=sharing\" target=\"_blank\" rel=\"noopener noreferrer\" itemprop=\"url\">\n\t\t\t\t<img decoding=\"async\" src=\"http:\/\/urpspharma.re\/wp-content\/uploads\/2019\/04\/programme-forum.png\" alt=\"programme forum\" itemprop=\"image\" title=\"programme forum\"  \/>\n\t\t\t\t<\/a>\n<h3>\n\t\tLE PROGRAMME\n\t<\/h3>\n\t<p>Introduction<\/p>\n<p>Pr\u00e9sentation de l&#8217;URPS<\/p>\n<p><a href=\"wp-content\/uploads\/2015\/11\/20150804ProjetAssociatif.pdf\">Pr\u00e9sentation du projet associatif<\/a><\/p>\n<p>Exp\u00e9rimentation du d\u00e9pistage du diab\u00e8te dans l&#8217;EST<\/p>\n<p>Projet d&#8217;accompagnement au sevrage tabacologique \u00e0 l&#8217;officine<\/p>\n<p>Projet d&#8217;aide au diagnostic accessibilit\u00e9<\/p>\n<p>Questions diverses<\/p>\n<h2>\n\t\tTout savoir\u00a0sur les \u00e9changes de la journ\u00e9e&#8230;\n\t<\/h2>\n\t<h2>Extraits de la table ronde avec Mme De Singly, Directrice de l&#8217;ARS<\/h2>\n<p>Vous pouvez revivre les \u00e9changes lors de la table ronde du forum, pour cela cliquez sur la vid\u00e9o de votre choix.<\/p>\n<p>(mot de passe vim\u00e9o : MON-URPS)<\/p>\n<p>&nbsp;<\/p>\n<h3>\n\t\tD\u00e9pistage du diab\u00e8te\n\t<\/h3>\n\t\t\t\t<a href=\"https:\/\/vimeo.com\/110236388\" target=\"_blank\" rel=\"noopener noreferrer\" itemprop=\"url\">\n\t\t\t\t<img decoding=\"async\" src=\"http:\/\/urpspharma.re\/wp-content\/uploads\/2019\/04\/d\u00e9pistage-diab\u00e8te-image.png\" alt=\"d\u00e9pistage diab\u00e8te image\" itemprop=\"image\" title=\"d\u00e9pistage diab\u00e8te image\"  \/>\n\t\t\t\t<\/a>\n<h3>\n\t\tSevrage tabagique\n\t<\/h3>\n\t\t\t\t<a href=\"https:\/\/vimeo.com\/110172908\" target=\"_blank\" rel=\"noopener noreferrer\" itemprop=\"url\">\n\t\t\t\t<img decoding=\"async\" src=\"http:\/\/urpspharma.re\/wp-content\/uploads\/2019\/04\/sevrage-tabagique.png\" alt=\"sevrage tabagique\" itemprop=\"image\" title=\"sevrage tabagique\"  \/>\n\t\t\t\t<\/a>\n<h3>\n\t\tL&#8217;accessibilite des officines\n\t<\/h3>\n\t\t\t\t<a href=\"https:\/\/vimeo.com\/110236389\" target=\"_blank\" rel=\"noopener noreferrer\" itemprop=\"url\">\n\t\t\t\t<img decoding=\"async\" src=\"http:\/\/urpspharma.re\/wp-content\/uploads\/2019\/04\/projet-accessibilit\u00e9-image.png\" alt=\"projet accessibilit\u00e9 image\" itemprop=\"image\" title=\"projet accessibilit\u00e9 image\"  \/>\n\t\t\t\t<\/a>\n<h3>\n\t\tRelation ville-h\u00f4pital\n\t<\/h3>\n\t\t\t\t<a href=\"https:\/\/vimeo.com\/111409427\" target=\"_blank\" rel=\"noopener noreferrer\" itemprop=\"url\">\n\t\t\t\t<img decoding=\"async\" src=\"http:\/\/urpspharma.re\/wp-content\/uploads\/2019\/04\/ville-hopital.png\" alt=\"ville hopital\" itemprop=\"image\" title=\"ville hopital\"  \/>\n\t\t\t\t<\/a>\n<h3>\n\t\t<a href=\"https:\/\/vimeo.com\/111409428\" title=\"Territoire num\u00e9rique\" target=\"_blank\" rel=\"noopener noreferrer\">\n\t\tTerritoire num\u00e9rique\n\t\t<\/a>\n\t<\/h3>\n\t\t\t\t<a href=\"https:\/\/vimeo.com\/111409428\" target=\"_blank\" rel=\"noopener noreferrer\" itemprop=\"url\">\n\t\t\t\t<img decoding=\"async\" src=\"http:\/\/urpspharma.re\/wp-content\/uploads\/2019\/04\/territoire-numerique.png\" alt=\"territoire numerique\" itemprop=\"image\" title=\"territoire numerique\"  \/>\n\t\t\t\t<\/a>\n<h3>\n\t\tConf\u00e9rence de sant\u00e9 (lois)\n\t<\/h3>\n\t\t\t\t<a href=\"https:\/\/drive.google.com\/file\/d\/0B6INdQizpimkeVE4aTN5YXNuWWc\/view?usp=sharing\" target=\"_blank\" rel=\"noopener noreferrer\" itemprop=\"url\">\n\t\t\t\t<img decoding=\"async\" src=\"http:\/\/urpspharma.re\/wp-content\/uploads\/2019\/04\/conf\u00e9rence-de-sant\u00e9-image.png\" alt=\"conf\u00e9rence de sant\u00e9 image\" itemprop=\"image\" title=\"conf\u00e9rence de sant\u00e9 image\"  \/>\n\t\t\t\t<\/a>\n\t\t\t\t<a href=\"https:\/\/drive.google.com\/file\/d\/0BxCgNJU0C9EFUE1uT1pwdHJJRGluUkswUVBYaVJUZ1h1Ql9N\/view?usp=sharing\" target=\"_blank\" rel=\"noopener noreferrer\" itemprop=\"url\">\n\t\t\t\t<img decoding=\"async\" src=\"http:\/\/urpspharma.re\/wp-content\/uploads\/2019\/04\/temps-forts-du-forum-image-300x263.png\" alt=\"temps forts du forum image\" itemprop=\"image\" title=\"temps forts du forum image\"  \/>\n\t\t\t\t<\/a>\n<h3>\n\t\t<a href=\"https:\/\/drive.google.com\/file\/d\/0BxCgNJU0C9EFUE1uT1pwdHJJRGluUkswUVBYaVJUZ1h1Ql9N\/view?usp=sharing\" title=\"LES TEMPS FORTS DU FORUM\" target=\"_blank\" rel=\"noopener noreferrer\">\n\t\tLES TEMPS FORTS DU FORUM\n\t\t<\/a>\n\t<\/h3>\n\t<h3><a href=\"wp-content\/uploads\/2014\/11\/actes-colloque-FLYER-R\u00b0_V\u00b0-URPS_FORUM-pdf-interactif-V2-1.pdf\">Consulter la pr\u00e9sentation des temps forts du forum<\/a><\/h3>\n","protected":false},"excerpt":{"rendered":"<p>LE PROGRAMME Introduction Pr\u00e9sentation de l&#8217;URPS Pr\u00e9sentation du projet associatif Exp\u00e9rimentation du d\u00e9pistage du diab\u00e8te dans l&#8217;EST Projet d&#8217;accompagnement au sevrage tabacologique \u00e0 l&#8217;officine Projet d&#8217;aide au diagnostic accessibilit\u00e9 Questions diverses Tout savoir\u00a0sur les \u00e9changes de la journ\u00e9e&#8230; Extraits de la table ronde avec Mme De Singly, Directrice de l&#8217;ARS Vous pouvez revivre les \u00e9changes&hellip;<\/p>\n","protected":false},"author":3,"featured_media":0,"parent":0,"menu_order":3,"comment_status":"open","ping_status":"open","template":"","meta":{"footnotes":""},"amp_enabled":true,"_links":{"self":[{"href":"https:\/\/urpspharma.re\/index.php?rest_route=\/wp\/v2\/pages\/232"}],"collection":[{"href":"https:\/\/urpspharma.re\/index.php?rest_route=\/wp\/v2\/pages"}],"about":[{"href":"https:\/\/urpspharma.re\/index.php?rest_route=\/wp\/v2\/types\/page"}],"author":[{"embeddable":true,"href":"https:\/\/urpspharma.re\/index.php?rest_route=\/wp\/v2\/users\/3"}],"replies":[{"embeddable":true,"href":"https:\/\/urpspharma.re\/index.php?rest_route=%2Fwp%2Fv2%2Fcomments&post=232"}],"version-history":[{"count":14,"href":"https:\/\/urpspharma.re\/index.php?rest_route=\/wp\/v2\/pages\/232\/revisions"}],"predecessor-version":[{"id":3776,"href":"https:\/\/urpspharma.re\/index.php?rest_route=\/wp\/v2\/pages\/232\/revisions\/3776"}],"wp:attachment":[{"href":"https:\/\/urpspharma.re\/index.php?rest_route=%2Fwp%2Fv2%2Fmedia&parent=232"}],"curies":[{"name":"wp","href":"https:\/\/api.w.org\/{rel}","templated":true}]}}