{"id":2397,"date":"2019-04-15T16:18:55","date_gmt":"2019-04-15T12:18:55","guid":{"rendered":"http:\/\/urpspharma.re\/?page_id=2397"},"modified":"2023-09-15T10:39:12","modified_gmt":"2023-09-15T06:39:12","slug":"bilan-2016-mon-pharmacien-et-mois-sans-tabac-3-4","status":"publish","type":"page","link":"https:\/\/urpspharma.re\/?page_id=2397","title":{"rendered":"Action : Ordonnance votre choix c&#8217;est votre droit"},"content":{"rendered":"<h1>\n\t\tORDONNANCE : VOTRE LIBRE CHOIX\n\t<\/h1>\n\t<p>Votre URPS, membre de la Conf\u00e9rence Nationale des Unions des Pharmaciens Lib\u00e9raux (CNUPL), s\u2019associe \u00e0 la campagne nationale visant \u00e0 sensibiliser un maximum de patients sur leur droit \u00e0 disposer de toute ordonnance r\u00e9dig\u00e9e \u00e0 leur attention. Droit fondamental pour exercer pleinement le libre choix de leurs professionnels de sant\u00e9 ou de leurs prestataires.<\/p>\n\t\t\t<a href=\"https:\/\/drive.google.com\/file\/d\/0B6INdQizpimkcmxHaFQ1dER6R1VFWi1IaUFfTlJoT04xazdZ\/view?usp=sharing\" target=\"_blank\" role=\"button\" rel=\"noopener noreferrer\">\n\t\t\t\t\t\t\tAffiche t\u00e9l\u00e9chargeable\n\t\t\t\t\t<\/a>\n\t\t\t<a href=\"https:\/\/drive.google.com\/file\/d\/1zj4312noalHWXvHGQFfeUt4SagFro647\/view?usp=sharing\" target=\"_blank\" role=\"button\" rel=\"noopener noreferrer\">\n\t\t\t\t\t\t\tCourrier aux pharmaciens\n\t\t\t\t\t<\/a>\n","protected":false},"excerpt":{"rendered":"<p>ORDONNANCE : VOTRE LIBRE CHOIX Votre URPS, membre de la Conf\u00e9rence Nationale des Unions des Pharmaciens Lib\u00e9raux (CNUPL), s\u2019associe \u00e0 la campagne nationale visant \u00e0 sensibiliser un maximum de patients sur leur droit \u00e0 disposer de toute ordonnance r\u00e9dig\u00e9e \u00e0 leur attention. Droit fondamental pour exercer pleinement le libre choix de leurs professionnels de sant\u00e9&hellip;<\/p>\n","protected":false},"author":3,"featured_media":0,"parent":0,"menu_order":0,"comment_status":"closed","ping_status":"closed","template":"","meta":{"footnotes":""},"amp_enabled":true,"_links":{"self":[{"href":"https:\/\/urpspharma.re\/index.php?rest_route=\/wp\/v2\/pages\/2397"}],"collection":[{"href":"https:\/\/urpspharma.re\/index.php?rest_route=\/wp\/v2\/pages"}],"about":[{"href":"https:\/\/urpspharma.re\/index.php?rest_route=\/wp\/v2\/types\/page"}],"author":[{"embeddable":true,"href":"https:\/\/urpspharma.re\/index.php?rest_route=\/wp\/v2\/users\/3"}],"replies":[{"embeddable":true,"href":"https:\/\/urpspharma.re\/index.php?rest_route=%2Fwp%2Fv2%2Fcomments&post=2397"}],"version-history":[{"count":5,"href":"https:\/\/urpspharma.re\/index.php?rest_route=\/wp\/v2\/pages\/2397\/revisions"}],"predecessor-version":[{"id":5879,"href":"https:\/\/urpspharma.re\/index.php?rest_route=\/wp\/v2\/pages\/2397\/revisions\/5879"}],"wp:attachment":[{"href":"https:\/\/urpspharma.re\/index.php?rest_route=%2Fwp%2Fv2%2Fmedia&parent=2397"}],"curies":[{"name":"wp","href":"https:\/\/api.w.org\/{rel}","templated":true}]}}