{"id":251,"date":"2014-11-12T11:06:48","date_gmt":"2014-11-12T07:06:48","guid":{"rendered":"http:\/\/urpspharma.re\/?page_id=251"},"modified":"2020-09-29T14:39:06","modified_gmt":"2020-09-29T10:39:06","slug":"accessibilite-des-personnes-a-mobilite-reduite-aux-officines","status":"publish","type":"page","link":"https:\/\/urpspharma.re\/?page_id=251","title":{"rendered":"Accessibilit\u00e9 des personnes \u00e0 mobilit\u00e9 r\u00e9duite aux officines (2014-2015)"},"content":{"rendered":"\n\t\t\t\t<img decoding=\"async\" src=\"http:\/\/urpspharma.re\/wp-content\/uploads\/2017\/09\/cropped-cropped-BANDEAU-980x200px.jpg\" alt=\"cropped-cropped-BANDEAU-980x200px.jpg\" itemprop=\"image\" title=\"cropped-cropped-BANDEAU-980x200px.jpg\"  \/>\n\t<h2>La n\u00e9cessit\u00e9 de rendre accessible son officine :<\/h2>\n<ul>\n<li>L&#8217;acc\u00e8s \u00e0 la sant\u00e9 des personnes handicap\u00e9es: un droit consacr\u00e9 par la loi du 11 f\u00e9vrier 2005 :<\/li>\n<\/ul>\n<p>Rappel\u00e9 par les conclusions du Comit\u00e9 Interminist\u00e9riel du Handicap du 25 septembre 2013 : Handicap &#8211; le d\u00e9fi de l&#8217;\u00e9galit\u00e9<\/p>\n<p>Mentionn\u00e9 dans la Strat\u00e9gie nationale de sant\u00e9 (minist\u00e8re des affaires sociales et de la sant\u00e9, septembre<\/p>\n<p>Expliqu\u00e9 dans le rapport &#8220;Un droit citoyen pour la personne handicap\u00e9e &#8211; un parcours de soins et de sant\u00e9 sans rupture d&#8217;accompagnement&#8221; (Rapport Pascal Jacob, avril 2013)<\/p>\n<ul>\n<li>L\u2019ordonnance relative \u00e0 la mise en accessibilit\u00e9 des \u00e9tablissements recevant du public pour les personnes handicap\u00e9es est parue au\u00a0<a href=\"http:\/\/www.legifrance.gouv.fr\/affichTexte.do;jsessionid=D8F7FDD2EE2728520AEEEBEFF17FAB6C.tpdjo10v_1?cidTexte=JORFTEXT000029503268&amp;dateTexte=&amp;oldAction=rechJO&amp;categorieLien=id&amp;idJO=JORFCONT000029502879\">\u00ab Journal officiel\u00a0\u00bb le 27 septembre 2014<\/a>. Applicable aux pharmacies, elle pr\u00e9cise les modalit\u00e9s associ\u00e9es au lancement des travaux requis pour mettre les acc\u00e8s des officines en conformit\u00e9 avec la loi. Le texte mentionne notamment que\u00a0\u00ab\u00a0le projet d\u2019agenda d\u2019accessibilit\u00e9 programm\u00e9e doit \u00eatre d\u00e9pos\u00e9 dans les douze mois suivant la publication de l\u2019ordonnance n\u00b0 2014-1090 du 26\u00a0septembre 2014 (soit avant le 28\u00a0septembre 2015)\u00a0\u00bb. Le texte pr\u00e9cise en outre que\u00a0\u00ab\u00a0ce d\u00e9lai peut \u00eatre prorog\u00e9 pour une dur\u00e9e maximale de trois ans dans le cas o\u00f9 les difficult\u00e9s techniques ou financi\u00e8res li\u00e9es \u00e0 l\u2019\u00e9valuation ou \u00e0 la programmation des travaux l\u2019imposent ou en cas de rejet d\u2019un premier agenda\u00a0\u00bb. La dur\u00e9e d\u2019ex\u00e9cution d\u2019un agenda d\u2019accessibilit\u00e9 programm\u00e9e ne peut exc\u00e9der trois ans \u00e0 compter de son approbation.<\/li>\n<\/ul>\n<h2>Comment l&#8217;URPS peut-elle accompagner les pharmaciens ?<\/h2>\n<p>L&#8217;objectif de l&#8217;URPS est de proposer aux pharmaciens d\u2019officines une assistance \u00e0 la mise en place de l\u2019agenda d\u2019accessibilit\u00e9 programm\u00e9 de leurs officines<\/p>\n<p>&nbsp;<\/p>\n<h3><a href=\"http:\/\/urpspharma.re\/wp-content\/uploads\/2014\/11\/fiche-action-accessibilit\u00e9.pdf\" target=\"_blank\" rel=\"noopener noreferrer\">fiche action accessibilit\u00e9<\/a><\/h3>\n<h3><a href=\"https:\/\/docs.google.com\/forms\/d\/1t5CpLIMvRybvucNGAXKs1xMRcuVtpwdQ0MrWJ6F53c0\/viewform\" target=\"_blank\" rel=\"noopener noreferrer\">S&#8217;inscrire et participer \u00e0 l&#8217;\u00e9laboration du projet<\/a><\/h3>\n<p>&nbsp;<\/p>\n<p>&nbsp;<\/p>\n","protected":false},"excerpt":{"rendered":"<p>La n\u00e9cessit\u00e9 de rendre accessible son officine : L&#8217;acc\u00e8s \u00e0 la sant\u00e9 des personnes handicap\u00e9es: un droit consacr\u00e9 par la loi du 11 f\u00e9vrier 2005 : Rappel\u00e9 par les conclusions du Comit\u00e9 Interminist\u00e9riel du Handicap du 25 septembre 2013 : Handicap &#8211; le d\u00e9fi de l&#8217;\u00e9galit\u00e9 Mentionn\u00e9 dans la Strat\u00e9gie nationale de sant\u00e9 (minist\u00e8re des&hellip;<\/p>\n","protected":false},"author":3,"featured_media":0,"parent":0,"menu_order":4,"comment_status":"open","ping_status":"closed","template":"","meta":{"footnotes":""},"amp_enabled":true,"_links":{"self":[{"href":"https:\/\/urpspharma.re\/index.php?rest_route=\/wp\/v2\/pages\/251"}],"collection":[{"href":"https:\/\/urpspharma.re\/index.php?rest_route=\/wp\/v2\/pages"}],"about":[{"href":"https:\/\/urpspharma.re\/index.php?rest_route=\/wp\/v2\/types\/page"}],"author":[{"embeddable":true,"href":"https:\/\/urpspharma.re\/index.php?rest_route=\/wp\/v2\/users\/3"}],"replies":[{"embeddable":true,"href":"https:\/\/urpspharma.re\/index.php?rest_route=%2Fwp%2Fv2%2Fcomments&post=251"}],"version-history":[{"count":12,"href":"https:\/\/urpspharma.re\/index.php?rest_route=\/wp\/v2\/pages\/251\/revisions"}],"predecessor-version":[{"id":3779,"href":"https:\/\/urpspharma.re\/index.php?rest_route=\/wp\/v2\/pages\/251\/revisions\/3779"}],"wp:attachment":[{"href":"https:\/\/urpspharma.re\/index.php?rest_route=%2Fwp%2Fv2%2Fmedia&parent=251"}],"curies":[{"name":"wp","href":"https:\/\/api.w.org\/{rel}","templated":true}]}}