{"id":290,"date":"2014-11-27T13:01:14","date_gmt":"2014-11-27T09:01:14","guid":{"rendered":"http:\/\/urpspharma.re\/?page_id=290"},"modified":"2020-09-29T14:49:17","modified_gmt":"2020-09-29T10:49:17","slug":"bilan-des-depistages-du-diabete-dans-lest-au-311014","status":"publish","type":"page","link":"https:\/\/urpspharma.re\/?page_id=290","title":{"rendered":"Z_Bilan des d\u00e9pistages du diab\u00e8te dans l&#8217;EST au 31\/10\/14"},"content":{"rendered":"<p>Cette information est destin\u00e9e uniquement aux pharmaciens de la R\u00e9union. Pour y acc\u00e9der, adressez un mail \u00e0 urpspharma974@gmail.com qui vous fournira en retour le mot de passe.<\/p>\n<h3 style=\"text-align: center;\"><a title=\"Bilan des d\u00e9pistages diab\u00e8te de l\u2019EST au 31-10-14\" href=\"http:\/\/urpspharma.re\/?page_id=293\">Acc\u00e9der au document<\/a><\/h3>\n","protected":false},"excerpt":{"rendered":"<p>Cette information est destin\u00e9e uniquement aux pharmaciens de la R\u00e9union. Pour y acc\u00e9der, adressez un mail \u00e0 urpspharma974@gmail.com qui vous fournira en retour le mot de passe. Acc\u00e9der au document<\/p>\n","protected":false},"author":3,"featured_media":0,"parent":0,"menu_order":0,"comment_status":"open","ping_status":"closed","template":"","meta":{"footnotes":""},"amp_enabled":true,"_links":{"self":[{"href":"https:\/\/urpspharma.re\/index.php?rest_route=\/wp\/v2\/pages\/290"}],"collection":[{"href":"https:\/\/urpspharma.re\/index.php?rest_route=\/wp\/v2\/pages"}],"about":[{"href":"https:\/\/urpspharma.re\/index.php?rest_route=\/wp\/v2\/types\/page"}],"author":[{"embeddable":true,"href":"https:\/\/urpspharma.re\/index.php?rest_route=\/wp\/v2\/users\/3"}],"replies":[{"embeddable":true,"href":"https:\/\/urpspharma.re\/index.php?rest_route=%2Fwp%2Fv2%2Fcomments&post=290"}],"version-history":[{"count":4,"href":"https:\/\/urpspharma.re\/index.php?rest_route=\/wp\/v2\/pages\/290\/revisions"}],"predecessor-version":[{"id":3785,"href":"https:\/\/urpspharma.re\/index.php?rest_route=\/wp\/v2\/pages\/290\/revisions\/3785"}],"wp:attachment":[{"href":"https:\/\/urpspharma.re\/index.php?rest_route=%2Fwp%2Fv2%2Fmedia&parent=290"}],"curies":[{"name":"wp","href":"https:\/\/api.w.org\/{rel}","templated":true}]}}