{"id":298,"date":"2014-11-27T13:26:30","date_gmt":"2014-11-27T09:26:30","guid":{"rendered":"http:\/\/urpspharma.re\/?page_id=298"},"modified":"2024-02-22T15:22:28","modified_gmt":"2024-02-22T11:22:28","slug":"les-plantes-pei","status":"publish","type":"page","link":"https:\/\/urpspharma.re\/?page_id=298","title":{"rendered":"Les plantes pe\u00ef"},"content":{"rendered":"\n<h1>\n\t\tLES PLANTES PE\u00cf\n\t<\/h1>\n\t<p>L&#8217;autom\u00e9dication via des plantes m\u00e9dicinales est une des probl\u00e9matiques entrant dans le champ d&#8217;action de l&#8217;URPS et des pharmaciens d&#8217;officine. Leur r\u00f4le : informer, conseiller et pr\u00e9venir les patients sur la qualit\u00e9 et les risques des plantes utilis\u00e9es.<\/p>\n<p>L&#8217;Organisation mondiale de la sant\u00e9 (OMS) encourage aujourd&#8217;hui tous les pays \u00e0 perp\u00e9tuer leurs traditions dans le domaine des plantes m\u00e9dicinales.\u00a0 A La R\u00e9union, elles font partie de la m\u00e9moire collective et de la pharmacop\u00e9e cr\u00e9ole, leur recours est encore tr\u00e8s fr\u00e9quent localement. Dans la tradition cr\u00e9ole, les plantes constituent les rem\u00e8des des affections courantes mais leur r\u00f4le s&#8217;\u00e9largit \u00e0 la pr\u00e9vention des maladies et \u00e0 l&#8217;alimentation. Ce sont des rem\u00e8des naturels utiles, dont l&#8217;usage doit \u00eatre \u00e9clair\u00e9.<\/p>\n<p>Le r\u00e9seau REUCARE et d&#8217;autres associations locales communiquent autour de l&#8217;utilisation des plantes locales pour leur vertus m\u00e9dicinales, savoir ancestral et familial qui demande aujourd&#8217;hui \u00e0 \u00eatre \u00e0 la fois valoriser et encadrer.<\/p>\n<p>L&#8217;URPS pharmaciens met \u00e0 votre disposition un document de REUCARE de pr\u00e9vention et de sensibilisation aux risques d&#8217;utilisations de certaines plantes pe\u00ef notamment en cas d&#8217;insuffisance r\u00e9nale chronique.<\/p>\n<p>Le dossier Plante Pe\u00ef contient des informations destin\u00e9es uniquement aux pharmaciens de La R\u00e9union. Pour y acc\u00e9der, adressez un mail \u00e0 urpspharma974@gmail.com qui vous fournira en retour le mot de passe.<\/p>\n<h2><a title=\"Plantes m\u00e9dicinales risque r\u00e9nal : conseils\" href=\"https:\/\/drive.google.com\/file\/d\/0B6INdQizpimkeC1VWm5IYWU0ck9DUngzOWhDSWl2RERFMWNv\/view?usp=sharing&amp;resourcekey=0-CGmZqKwzOZcxaLfZ4--f7A\" target=\"_blank\" rel=\"noopener\">&gt;&gt;Acc\u00e9der au document &#8220;Plantes m\u00e9dicinales risque r\u00e9nal conseils&#8221;<\/a><\/h2>\n\n","protected":false},"excerpt":{"rendered":"<p>LES PLANTES PE\u00cf L&#8217;autom\u00e9dication via des plantes m\u00e9dicinales est une des probl\u00e9matiques entrant dans le champ d&#8217;action de l&#8217;URPS et des pharmaciens d&#8217;officine. Leur r\u00f4le : informer, conseiller et pr\u00e9venir les patients sur la qualit\u00e9 et les risques des plantes utilis\u00e9es. L&#8217;Organisation mondiale de la sant\u00e9 (OMS) encourage aujourd&#8217;hui tous les pays \u00e0 perp\u00e9tuer leurs&hellip;<\/p>\n","protected":false},"author":3,"featured_media":0,"parent":0,"menu_order":5,"comment_status":"open","ping_status":"closed","template":"","meta":{"footnotes":""},"amp_enabled":true,"_links":{"self":[{"href":"https:\/\/urpspharma.re\/index.php?rest_route=\/wp\/v2\/pages\/298"}],"collection":[{"href":"https:\/\/urpspharma.re\/index.php?rest_route=\/wp\/v2\/pages"}],"about":[{"href":"https:\/\/urpspharma.re\/index.php?rest_route=\/wp\/v2\/types\/page"}],"author":[{"embeddable":true,"href":"https:\/\/urpspharma.re\/index.php?rest_route=\/wp\/v2\/users\/3"}],"replies":[{"embeddable":true,"href":"https:\/\/urpspharma.re\/index.php?rest_route=%2Fwp%2Fv2%2Fcomments&post=298"}],"version-history":[{"count":13,"href":"https:\/\/urpspharma.re\/index.php?rest_route=\/wp\/v2\/pages\/298\/revisions"}],"predecessor-version":[{"id":6250,"href":"https:\/\/urpspharma.re\/index.php?rest_route=\/wp\/v2\/pages\/298\/revisions\/6250"}],"wp:attachment":[{"href":"https:\/\/urpspharma.re\/index.php?rest_route=%2Fwp%2Fv2%2Fmedia&parent=298"}],"curies":[{"name":"wp","href":"https:\/\/api.w.org\/{rel}","templated":true}]}}