{"id":308,"date":"2014-11-27T14:24:14","date_gmt":"2014-11-27T10:24:14","guid":{"rendered":"http:\/\/urpspharma.re\/?page_id=308"},"modified":"2023-09-14T17:29:42","modified_gmt":"2023-09-14T13:29:42","slug":"le-dpc","status":"publish","type":"page","link":"https:\/\/urpspharma.re\/?page_id=308","title":{"rendered":"Le DPC"},"content":{"rendered":"<h1>\n\t\tLE DPC\n\t<\/h1>\n\t<p>Votre URPS a pour mission la promotion du DPC et se propose de vous accompagner dans votre d\u00e9marche.<\/p>\n<h1>\n\t\tQu\u2019est-ce que le D\u00e9veloppement Professionnel Continu (DPC) ?\n\t<\/h1>\n\t<p>Nouveau dispositif de formation cr\u00e9\u00e9 par la loi HPST de 2009, le D\u00e9veloppement Professionnel Continu (DPC) est une obligation triennale de participer \u00e0 un programme de DPC pour tous les professionnels de sant\u00e9. Ce dispositif remplace les syst\u00e8mes de formation conventionnels et est entr\u00e9 en vigueur au 1er janvier 2013.<\/p>\n<h1>\n\t\tA qui s&#8217;adressent le DPC ?\n\t<\/h1>\n\t<p>Le D\u00e9veloppement Professionnel Continu (DPC) s&#8217;adresse \u00e0 l&#8217;ensemble des professionnels de sant\u00e9 (au sens du Chapitre IV du code de Sant\u00e9 Publique) tout mode d&#8217;exercice confondu (lib\u00e9ral, hospitalier ou salari\u00e9) et majoritairement en activit\u00e9.<\/p>\n<h1>\n\t\tComment respecter mon obligation triennale ?\n\t<\/h1>\n\t<p>Pour permettre aux pharmaciens de satisfaire leur obligation triennale de DPC, l&#8217;Agence nationale du DPC (ANDPC) met \u00e0 disposition des professionnels de sant\u00e9 une offre de DPC compos\u00e9e\u00a0<a href=\"https:\/\/www.mondpc.fr\/\" target=\"_blank\" rel=\"noopener noreferrer\">d&#8217;actions et de programmes de DPC<\/a>\u00a0. D\u2019autres organismes (ANFH, \u2026), notamment pour les hospitaliers (biologistes ou pharmaciens hospitaliers) le permettent aussi.<\/p>\n<p><a href=\"https:\/\/www.legifrance.gouv.fr\/codes\/article_lc\/LEGIARTI000038395109\/\" target=\"_blank\" rel=\"noopener noreferrer\">Conform\u00e9ment \u00e0 l\u2019article R4021-4 du code de la sant\u00e9 publique,<\/a>\u00a0\u00a0pour satisfaire \u00e0 son obligation de DPC, tout pharmacien s\u2019engage, au cours d\u2019une p\u00e9riode de trois ans :<\/p>\n<ul>\n<li>\u00c0 justifier de son engagement dans une d\u00e9marche de DPC comportant des actions de formation, d&#8217;\u00e9valuation et d&#8217;am\u00e9lioration des pratiques, de gestion des risques. La d\u00e9marche doit comporter au moins deux de ces trois types d&#8217;actions et au moins une action s&#8217;inscrivant dans\u00a0<a href=\"https:\/\/www.agencedpc.fr\/le-dpc\/orientations-nationales-prioritaires-de-dpc-2020-2022\" target=\"_blank\" rel=\"noopener noreferrer\">le cadre des orientations prioritaires<\/a>\u00a0\u00a0(<b>parcours libre<\/b>).<\/li>\n<\/ul>\n<ul>\n<li>Pour le biologiste m\u00e9dical, la recommandation du Conseil national professionnel de biologie m\u00e9dicale (CNP BM) propose, pour la p\u00e9riode 2020-2022,\u00a0<b>un parcours pluriannuel\u00a0<\/b>de DPC disponible sur ce\u00a0<a href=\"http:\/\/www.specialitesmedicales.org\/offres\/doc_inline_src\/666\/Parcours%2BDPC%2BpubliE9.pdf\" target=\"_blank\" rel=\"noopener noreferrer\">lien.<\/a><\/li>\n<\/ul>\n<p>\u00c0 noter, chaque pharmacien lib\u00e9ral choisit les actions auxquelles il s\u2019inscrit. En revanche, pour les pharmaciens salari\u00e9s, ce choix s\u2019effectue en lien avec l\u2019employeur.<\/p>\n<p>&nbsp;<\/p>\n<p><i>=&gt;\u00a0<a href=\"https:\/\/fr.calameo.com\/read\/0036568872bcff10c2d68\" target=\"_self\" rel=\"noopener noreferrer\">Guide d&#8217;utilisation<\/a>\u00a0\u00a0et\u00a0<a href=\"https:\/\/www.youtube.com\/watch?v=R-xO5A1LbiA&amp;t=3s\" target=\"_self\" rel=\"noopener noreferrer\">tutoriel vid\u00e9o<\/a>\u00a0\u00a0 de l\u2019ANDPC pour accompagner les professionnels de sant\u00e9 dans l\u2019activation de leur compte et pour compl\u00e9ter le document de tra\u00e7abilit\u00e9<\/i><\/p>\n","protected":false},"excerpt":{"rendered":"<p>LE DPC Votre URPS a pour mission la promotion du DPC et se propose de vous accompagner dans votre d\u00e9marche. Qu\u2019est-ce que le D\u00e9veloppement Professionnel Continu (DPC) ? Nouveau dispositif de formation cr\u00e9\u00e9 par la loi HPST de 2009, le D\u00e9veloppement Professionnel Continu (DPC) est une obligation triennale de participer \u00e0 un programme de DPC&hellip;<\/p>\n","protected":false},"author":3,"featured_media":0,"parent":0,"menu_order":6,"comment_status":"open","ping_status":"closed","template":"","meta":{"footnotes":""},"amp_enabled":true,"_links":{"self":[{"href":"https:\/\/urpspharma.re\/index.php?rest_route=\/wp\/v2\/pages\/308"}],"collection":[{"href":"https:\/\/urpspharma.re\/index.php?rest_route=\/wp\/v2\/pages"}],"about":[{"href":"https:\/\/urpspharma.re\/index.php?rest_route=\/wp\/v2\/types\/page"}],"author":[{"embeddable":true,"href":"https:\/\/urpspharma.re\/index.php?rest_route=\/wp\/v2\/users\/3"}],"replies":[{"embeddable":true,"href":"https:\/\/urpspharma.re\/index.php?rest_route=%2Fwp%2Fv2%2Fcomments&post=308"}],"version-history":[{"count":9,"href":"https:\/\/urpspharma.re\/index.php?rest_route=\/wp\/v2\/pages\/308\/revisions"}],"predecessor-version":[{"id":5867,"href":"https:\/\/urpspharma.re\/index.php?rest_route=\/wp\/v2\/pages\/308\/revisions\/5867"}],"wp:attachment":[{"href":"https:\/\/urpspharma.re\/index.php?rest_route=%2Fwp%2Fv2%2Fmedia&parent=308"}],"curies":[{"name":"wp","href":"https:\/\/api.w.org\/{rel}","templated":true}]}}