{"id":3568,"date":"2020-08-20T13:44:56","date_gmt":"2020-08-20T09:44:56","guid":{"rendered":"https:\/\/urpspharma.re\/?page_id=3568"},"modified":"2023-09-15T10:16:39","modified_gmt":"2023-09-15T06:16:39","slug":"action-covid-19-annuaire-des-pharmacies-special-covid-19","status":"publish","type":"page","link":"https:\/\/urpspharma.re\/?page_id=3568","title":{"rendered":"Action : Covid-19 &#8211; Annuaire des pharmacies sp\u00e9cial Covid-19"},"content":{"rendered":"<h1>\n\t\tANNUAIRE DES PHARMACIES SPECIAL COVID\n\t<\/h1>\n\t\t\t\t<img loading=\"lazy\" decoding=\"async\" src=\"https:\/\/urpspharma.re\/wp-content\/uploads\/2020\/04\/image-annuaire.png\" alt=\"image annuaire\" itemprop=\"image\" height=\"239\" width=\"990\" title=\"image annuaire\"  \/>\n\t\t\t<a href=\"https:\/\/docs.google.com\/spreadsheets\/d\/1Pg38c5dtcfruT2GzJPrxM8pesFbNMkegWR6qQNdcieo\/edit?usp=sharing\" target=\"_blank\" role=\"button\" rel=\"noopener noreferrer\">\n\t\t\t\t\t\t\tAnnuaire des pharmacies sp\u00e9cial Covid-19 &#8211; prescripteurs\n\t\t\t\t\t<\/a>\n\t<p>Mise \u00e0 jour 10\/04\/2020<\/p>\n\tDans ce contexte de pand\u00e9mie, nous vous sollicitons afin de constituer en urgence un nouvel annuaire fiable regroupant toutes les pharmacies de La R\u00e9union (mails, mails s\u00e9curis\u00e9s, fax et t\u00e9l\u00e9phone)\u00a0 \u00e0 l&#8217;attention de tous les prescripteurs de La R\u00e9union.\nGr\u00e2ce\u00a0\u00e0 un lien internet qui leur seront transmis par leurs URPS, les prescripteurs pourront vous contacter plus facilement, notamment pour l&#8217;envoi des ordonnances issues de\u00a0t\u00e9l\u00e9consultation.\n<p>&nbsp;<\/p>\n<strong>IMPORTANT :<\/strong><strong><br \/>\n<\/strong><strong>Pour l&#8217;inscription, les modifications et\/ou les compl\u00e9ments concernant vos donn\u00e9es dans l&#8217;annuaire, informez votre URPS par mail \u00e0 :<\/strong><strong><a href=\"mailto:contact@urpspharma.re\" target=\"_blank\" rel=\"noopener noreferrer\">contact@urpspharma.re<\/a>.<br \/>\n<\/strong><strong>La mise \u00e0 jour sera effectu\u00e9e dans la journ\u00e9e.<\/strong>\n<p><a href=\"https:\/\/docs.google.com\/spreadsheets\/d\/1Pg38c5dtcfruT2GzJPrxM8pesFbNMkegWR6qQNdcieo\/edit?usp=sharing\" target=\"_blank\" rel=\"noopener noreferrer\"><img loading=\"lazy\" decoding=\"async\" src=\"https:\/\/urpspharma.re\/wp-content\/uploads\/2020\/04\/IMAGE-ANNUAIRE-PHIES-1.png\" alt=\"\" width=\"1790\" height=\"605\" \/><\/a><\/p>\n<h1>\n\t\tMSSANTE : MESSAGE SECURISEE\n\t<\/h1>\n\t<p><strong>Cr\u00e9er votre messagerie s\u00e9curis\u00e9e<\/strong><\/p>\nCr\u00e9er gratuitement une messagerie s\u00e9curis\u00e9e MSSant\u00e9 sur le site<a href=\"https:\/\/urpspharma.us8.list-manage.com\/track\/click?u=07e1c2e988d75c3f3beefa643&amp;id=c455547ea7&amp;e=6902c74b14\" target=\"_blank\" rel=\"noopener noreferrer\" data-saferedirecturl=\"https:\/\/www.google.com\/url?q=https:\/\/urpspharma.us8.list-manage.com\/track\/click?u%3D07e1c2e988d75c3f3beefa643%26id%3Dc455547ea7%26e%3D6902c74b14&amp;source=gmail&amp;ust=1586601213143000&amp;usg=AFQjCNE6W4WtInGMQ5EvvByIOAUNKT8w0Q\">\u00a0OIIS PRO.<\/a><br \/>\nUn accompagnement personnalis\u00e9 vous est \u00e9galement propos\u00e9 par t\u00e9l\u00e9phone au 0800.123.974 (num\u00e9ro gratuit) ouvert du lundi au vendredi de 8h \u00e0 17h.\n<p><img loading=\"lazy\" decoding=\"async\" src=\"https:\/\/urpspharma.re\/wp-content\/uploads\/2020\/04\/LOGOS-OIIS-TESIS.png\" alt=\"\" width=\"688\" height=\"118\" \/><\/p>\n<h1>\n\t\tLIENS UTILES\n\t<\/h1>\n\t<p>Site : ARS de La R\u00e9union en <a href=\"https:\/\/urpspharma.us8.list-manage.com\/track\/click?u=07e1c2e988d75c3f3beefa643&amp;id=278f7d676f&amp;e=6902c74b14\" target=\"_blank\" rel=\"noopener noreferrer\" data-saferedirecturl=\"https:\/\/www.google.com\/url?q=https:\/\/urpspharma.us8.list-manage.com\/track\/click?u%3D07e1c2e988d75c3f3beefa643%26id%3D278f7d676f%26e%3D6902c74b14&amp;source=gmail&amp;ust=1586601213081000&amp;usg=AFQjCNF3zxfJreXW-iSZHF7oQftl7UzTiA\">cliquant ICI<\/a><\/p>\n<p>Site : Les services de l&#8217;Etat de La R\u00e9union en\u00a0<a href=\"https:\/\/urpspharma.us8.list-manage.com\/track\/click?u=07e1c2e988d75c3f3beefa643&amp;id=083bca479e&amp;e=6902c74b14\" target=\"_blank\" rel=\"noopener noreferrer\" data-saferedirecturl=\"https:\/\/www.google.com\/url?q=https:\/\/urpspharma.us8.list-manage.com\/track\/click?u%3D07e1c2e988d75c3f3beefa643%26id%3D083bca479e%26e%3D6902c74b14&amp;source=gmail&amp;ust=1586601213081000&amp;usg=AFQjCNHSov2r3F7yfb2GndbIwR6KCzz7iA\">cliquant ICI<\/a><\/p>\n<p>Site : Ordre National des Pharmaciens : Foire aux questions &#8211; Pharmaciens d&#8217;officine en\u00a0<a href=\"https:\/\/urpspharma.us8.list-manage.com\/track\/click?u=07e1c2e988d75c3f3beefa643&amp;id=4ed63cebac&amp;e=6902c74b14\" target=\"_blank\" rel=\"noopener noreferrer\" data-saferedirecturl=\"https:\/\/www.google.com\/url?q=https:\/\/urpspharma.us8.list-manage.com\/track\/click?u%3D07e1c2e988d75c3f3beefa643%26id%3D4ed63cebac%26e%3D6902c74b14&amp;source=gmail&amp;ust=1586601213081000&amp;usg=AFQjCNGn59vyJ7fXrdEa8d_6j0K9qqlJ7g\">cliquant ICI<\/a><\/p>\n\t<strong>Nous contacter<\/strong><br \/>\nMME LAHOGUE Sandrine &#8211; Charg\u00e9e de mission<br \/>\nEmail : <a href=\"mailto:contact@urpspharma.re\" target=\"_blank\" rel=\"noopener noreferrer\">contact@urpspharma.re<\/a><br \/>\nGsm : 06.93.90.96.42\n","protected":false},"excerpt":{"rendered":"<p>ANNUAIRE DES PHARMACIES SPECIAL COVID Annuaire des pharmacies sp\u00e9cial Covid-19 &#8211; prescripteurs Mise \u00e0 jour 10\/04\/2020 Dans ce contexte de pand\u00e9mie, nous vous sollicitons afin de constituer en urgence un nouvel annuaire fiable regroupant toutes les pharmacies de La R\u00e9union (mails, mails s\u00e9curis\u00e9s, fax et t\u00e9l\u00e9phone)\u00a0 \u00e0 l&#8217;attention de tous les prescripteurs de La R\u00e9union.&hellip;<\/p>\n","protected":false},"author":3,"featured_media":0,"parent":0,"menu_order":0,"comment_status":"closed","ping_status":"closed","template":"","meta":{"footnotes":""},"amp_enabled":true,"_links":{"self":[{"href":"https:\/\/urpspharma.re\/index.php?rest_route=\/wp\/v2\/pages\/3568"}],"collection":[{"href":"https:\/\/urpspharma.re\/index.php?rest_route=\/wp\/v2\/pages"}],"about":[{"href":"https:\/\/urpspharma.re\/index.php?rest_route=\/wp\/v2\/types\/page"}],"author":[{"embeddable":true,"href":"https:\/\/urpspharma.re\/index.php?rest_route=\/wp\/v2\/users\/3"}],"replies":[{"embeddable":true,"href":"https:\/\/urpspharma.re\/index.php?rest_route=%2Fwp%2Fv2%2Fcomments&post=3568"}],"version-history":[{"count":5,"href":"https:\/\/urpspharma.re\/index.php?rest_route=\/wp\/v2\/pages\/3568\/revisions"}],"predecessor-version":[{"id":5876,"href":"https:\/\/urpspharma.re\/index.php?rest_route=\/wp\/v2\/pages\/3568\/revisions\/5876"}],"wp:attachment":[{"href":"https:\/\/urpspharma.re\/index.php?rest_route=%2Fwp%2Fv2%2Fmedia&parent=3568"}],"curies":[{"name":"wp","href":"https:\/\/api.w.org\/{rel}","templated":true}]}}