{"id":4159,"date":"2020-12-02T09:31:55","date_gmt":"2020-12-02T05:31:55","guid":{"rendered":"https:\/\/urpspharma.re\/?page_id=4159"},"modified":"2020-12-04T14:46:11","modified_gmt":"2020-12-04T10:46:11","slug":"action-covid-19-trod-antigeniques-2","status":"publish","type":"page","link":"https:\/\/urpspharma.re\/?page_id=4159","title":{"rendered":"Action : Covid-19 &#8211; trod antig\u00e9niques : r\u00e9alisation du test"},"content":{"rendered":"\n\t\t\t\t<img loading=\"lazy\" decoding=\"async\" src=\"https:\/\/urpspharma.re\/wp-content\/uploads\/2017\/09\/cropped-cropped-BANDEAU-980x200px-1024x218.jpg\" alt=\"cropped-cropped-BANDEAU-980x200px.jpg\" itemprop=\"image\" height=\"218\" width=\"1024\" title=\"cropped-cropped-BANDEAU-980x200px.jpg\"  \/>\n\t\t\t\t<img loading=\"lazy\" decoding=\"async\" src=\"https:\/\/urpspharma.re\/wp-content\/uploads\/2020\/03\/bandeau-coronavirus.png\" alt=\"bandeau coronavirus\" itemprop=\"image\" height=\"100\" width=\"600\" title=\"bandeau coronavirus\"  \/>\n\t<h1><strong>TROD antig\u00e9niques &#8211; r\u00e9alisation du test<\/strong><\/h1>\n\t\t\t<a href=\"https:\/\/www.demarchequaliteofficine.fr\/outils\/p10.realisation-des-tests-antigeniques\" target=\"_blank\" role=\"button\" rel=\"noopener noreferrer\">\n\t\t\t\t\t\t\t\u25baProc\u00e9dure &#8220;r\u00e9alisation des tests antig\u00e9niques&#8221; en cliquant ICI\n\t\t\t\t\t<\/a>\n\t<p><a href=\"https:\/\/docs.google.com\/presentation\/d\/1nrVBkj0oZnraDm3VleafjusEnfaXQxjwo0tuBeOlLP4\/edit?usp=sharing\" target=\"_blank\" rel=\"noopener noreferrer\" data-saferedirecturl=\"https:\/\/www.google.com\/url?q=https:\/\/us8.campaign-archive.com\/?u%3D07e1c2e988d75c3f3beefa643%26id%3D53c0d5140e&amp;source=gmail&amp;ust=1607145266175000&amp;usg=AFQjCNHTX3DZtYOGUCJ2Y8o8xuVgQlecSw\"><u>Cliquer ici pour ouvrir la pr\u00e9sentation<\/u><\/a><\/p>\n\t<p><iframe loading=\"lazy\" src=\"https:\/\/docs.google.com\/presentation\/d\/e\/2PACX-1vQCBDGGXExe9eEtxWOtiklPCMbmhlwACvjdsI5jVJjDkcZnF1OnI72QjgH6NxsQnnlowG8Lqg2YBLeT\/embed?start=false&amp;loop=false&amp;delayms=3000\" width=\"1280\" height=\"749\" frameborder=\"0\" allowfullscreen=\"allowfullscreen\"><\/iframe><\/p>\n\t<strong>Liens utiles :<\/strong><br \/>\nARS de La R\u00e9union en <a href=\"https:\/\/urpspharma.us8.list-manage.com\/track\/click?u=07e1c2e988d75c3f3beefa643&amp;id=278f7d676f&amp;e=6902c74b14\" target=\"_blank\" rel=\"noopener noreferrer\" data-saferedirecturl=\"https:\/\/www.google.com\/url?q=https:\/\/urpspharma.us8.list-manage.com\/track\/click?u%3D07e1c2e988d75c3f3beefa643%26id%3D278f7d676f%26e%3D6902c74b14&amp;source=gmail&amp;ust=1586601213081000&amp;usg=AFQjCNF3zxfJreXW-iSZHF7oQftl7UzTiA\">cliquant ICI<\/a>\n<p>Pr\u00e9fecture en <a href=\"https:\/\/urpspharma.us8.list-manage.com\/track\/click?u=07e1c2e988d75c3f3beefa643&amp;id=083bca479e&amp;e=6902c74b14\" target=\"_blank\" rel=\"noopener noreferrer\" data-saferedirecturl=\"https:\/\/www.google.com\/url?q=https:\/\/urpspharma.us8.list-manage.com\/track\/click?u%3D07e1c2e988d75c3f3beefa643%26id%3D083bca479e%26e%3D6902c74b14&amp;source=gmail&amp;ust=1586601213081000&amp;usg=AFQjCNHSov2r3F7yfb2GndbIwR6KCzz7iA\">cliquant ICI<\/a><\/p>\n<p>Assurance maladie en\u00a0<a href=\"https:\/\/urpspharma.us8.list-manage.com\/track\/click?u=07e1c2e988d75c3f3beefa643&amp;id=4ed63cebac&amp;e=6902c74b14\" target=\"_blank\" rel=\"noopener noreferrer\" data-saferedirecturl=\"https:\/\/www.google.com\/url?q=https:\/\/urpspharma.us8.list-manage.com\/track\/click?u%3D07e1c2e988d75c3f3beefa643%26id%3D4ed63cebac%26e%3D6902c74b14&amp;source=gmail&amp;ust=1586601213081000&amp;usg=AFQjCNGn59vyJ7fXrdEa8d_6j0K9qqlJ7g\">cliquant ICI<\/a><\/p>\n<p>DGS-urgent en<a href=\"https:\/\/dgs-urgent.sante.gouv.fr\/dgsurgent\/inter\/accueilBuilder.do?cmd=affiche\" target=\"_blank\" rel=\"noopener noreferrer\"> cliquant ICI<\/a><\/p>\n<p>Sant\u00e9 publique France &#8211; bulletin \u00e9pid\u00e9miologique r\u00e9gional en <a href=\"https:\/\/www.santepubliquefrance.fr\/recherche\/#search=COVID%2019%20point%20epidemiologique&amp;themes=maladies%20et%20infections%20respiratoires&amp;publications=donn%C3%A9es&amp;regions=Oc%C3%A9an%20Indien&amp;sort=date\" target=\"_blank\" rel=\"noopener noreferrer\">cliquant ICI<\/a><\/p>\n\t<strong>Nous contacter<\/strong><br \/>\nMME LAHOGUE Sandrine &#8211; Charg\u00e9e de mission<br \/>\nEmail : <a href=\"mailto:contact@urpspharma.re\" target=\"_blank\" rel=\"noopener noreferrer\">contact@urpspharma.re<\/a><br \/>\nGsm : 06.93.90.96.42\n","protected":false},"excerpt":{"rendered":"<p>TROD antig\u00e9niques &#8211; r\u00e9alisation du test \u25baProc\u00e9dure &#8220;r\u00e9alisation des tests antig\u00e9niques&#8221; en cliquant ICI Cliquer ici pour ouvrir la pr\u00e9sentation Liens utiles : ARS de La R\u00e9union en cliquant ICI Pr\u00e9fecture en cliquant ICI Assurance maladie en\u00a0cliquant ICI DGS-urgent en cliquant ICI Sant\u00e9 publique France &#8211; bulletin \u00e9pid\u00e9miologique r\u00e9gional en cliquant ICI Nous contacter MME&hellip;<\/p>\n","protected":false},"author":3,"featured_media":0,"parent":0,"menu_order":0,"comment_status":"closed","ping_status":"closed","template":"","meta":{"footnotes":""},"amp_enabled":true,"_links":{"self":[{"href":"https:\/\/urpspharma.re\/index.php?rest_route=\/wp\/v2\/pages\/4159"}],"collection":[{"href":"https:\/\/urpspharma.re\/index.php?rest_route=\/wp\/v2\/pages"}],"about":[{"href":"https:\/\/urpspharma.re\/index.php?rest_route=\/wp\/v2\/types\/page"}],"author":[{"embeddable":true,"href":"https:\/\/urpspharma.re\/index.php?rest_route=\/wp\/v2\/users\/3"}],"replies":[{"embeddable":true,"href":"https:\/\/urpspharma.re\/index.php?rest_route=%2Fwp%2Fv2%2Fcomments&post=4159"}],"version-history":[{"count":16,"href":"https:\/\/urpspharma.re\/index.php?rest_route=\/wp\/v2\/pages\/4159\/revisions"}],"predecessor-version":[{"id":4203,"href":"https:\/\/urpspharma.re\/index.php?rest_route=\/wp\/v2\/pages\/4159\/revisions\/4203"}],"wp:attachment":[{"href":"https:\/\/urpspharma.re\/index.php?rest_route=%2Fwp%2Fv2%2Fmedia&parent=4159"}],"curies":[{"name":"wp","href":"https:\/\/api.w.org\/{rel}","templated":true}]}}