{"id":4289,"date":"2021-01-08T17:25:55","date_gmt":"2021-01-08T13:25:55","guid":{"rendered":"https:\/\/urpspharma.re\/?page_id=4289"},"modified":"2024-01-22T10:49:21","modified_gmt":"2024-01-22T06:49:21","slug":"enquetes-2021","status":"publish","type":"page","link":"https:\/\/urpspharma.re\/?page_id=4289","title":{"rendered":"ENQUETES 2021"},"content":{"rendered":"\n<h1>\n\t\tENQUETES 2021\n\t<\/h1>\n<h3>\n\t\tR\u00e9f\u00e9rencement des officines et vaccination contre la Covid-19 avec le vaccin Nuvaxovid\n\t<\/h3>\n\t<p>Suite \u00e0 la continuit\u00e9 du d\u00e9ploiement de la vaccination en ville avec le vaccin NUVAXOVID de Novavax, votre URPS ainsi que l&#8217;Agence R\u00e9gionale de Sant\u00e9 de la R\u00e9union, vous sollicitent afin de recenser toutes les pharmacies proposant la vaccination contre la Covid-19.<\/p>\n<p>En remplissant ce formulaire, vous acceptez que vos donn\u00e9es soient partag\u00e9es sur diff\u00e9rents sites (ARS, sante.fr, URPS&#8230;) et communiqu\u00e9es aupr\u00e8s du grand public.<\/p>\n<p>Cette courte enqu\u00eate\u00a0permettra ainsi de dresser un \u00e9tat des lieux\u00a0des pharmacies volontaires.<\/p>\n<p>Nous comptons sur votre contribution et nous vous remercions pour votre implication.<\/p>\n\t<p>Enqu\u00eate termin\u00e9e<\/p>\n\t\t\t<a href=\"https:\/\/docs.google.com\/forms\/d\/e\/1FAIpQLSdTWAIYQ658KfrLyTWW40IMmwY6BJVfs6QTzL6HEmm-masqwA\/viewform\" target=\"_blank\" rel=\"noopener\">\n\t\t\t\t\t\tENQUETE FLASH\n\t\t\t\t\t<\/a>\n\t<p><img loading=\"lazy\" decoding=\"async\" src=\"https:\/\/urpspharma.re\/wp-content\/uploads\/2021\/01\/VACCIN-COVID-300x163.jpg\" alt=\"\" width=\"300\" height=\"163\" \/><\/p>\n<h3>\n\t\tD\u00e9ploiement de la vaccination contre la Covid, quel r\u00f4le souhaitez-vous jouer ?\n\t<\/h3>\n\t<p>Votre URPS vous sollicite pour r\u00e9f\u00e9rencer les pharmacies volontaires au d\u00e9ploiement de la vaccination. C&#8217;est sur la base du cahier des charges pr\u00e9conis\u00e9 par l&#8217;ARS que vous \u00eates invit\u00e9s \u00e0 faire savoir \u00e0 votre URPS \u00e0 quel niveau vous souhaitez vous impliquer dans le d\u00e9ploiement de la vaccination.<\/p>\n<p>Vous \u00eates invit\u00e9 \u00e0\u00a0consulter\u00a0le cahier des charges d\u00e9finitif avant de nous faire savoir tr\u00e8s vite \u00e0 quel niveau vous souhaitez vous impliquer.<\/p>\n<strong>Cahier des charges de l&#8217;ARS<\/strong><br \/>\n<a href=\"https:\/\/drive.google.com\/file\/d\/1nUmcJ5BSY0jGIoVbnOnTgTpLdW6XUh-0\/view?usp=sharing\" target=\"_blank\" rel=\"noopener\"><img loading=\"lazy\" decoding=\"async\" src=\"https:\/\/mcusercontent.com\/07e1c2e988d75c3f3beefa643\/images\/37702b04-2806-4e05-bd5f-e64eedfe39f3.png\" width=\"160\" height=\"37\" data-file-id=\"4773062\" \/><\/a>\n\t<p>Enqu\u00eate termin\u00e9e<\/p>\n\t\t\t<a href=\"https:\/\/docs.google.com\/forms\/d\/e\/1FAIpQLScNBXCvK26nsh2aI6cYa0vqtAUap0fq5oxk4NqjVkoJsumvWw\/viewform\" target=\"_blank\" rel=\"noopener\">\n\t\t\t\t\t\tENQUETE FLASH\n\t\t\t\t\t<\/a>\n\t<p><img loading=\"lazy\" decoding=\"async\" src=\"https:\/\/urpspharma.re\/wp-content\/uploads\/2021\/01\/VACCIN-COVID-300x163.jpg\" alt=\"\" width=\"300\" height=\"163\" \/><\/p>\n<h3>\n\t\tCovid-19 : La vaccination des professionnels de sant\u00e9\n\t<\/h3>\n\t<p>Pour pr\u00e9parer au mieux le d\u00e9marrage de la campagne de la vaccination pr\u00e9vue le 15 janvier 2021 \u00e0 La R\u00e9union, l&#8217;association inter-urps Tip@sant\u00e9 recense les volontaires parmi les professionnels de sant\u00e9 de ville, sur la base des donn\u00e9es actuellement disponibles.<\/p>\n<p>Nous pourrons ainsi \u00e9valuer le niveau d&#8217;adh\u00e9sion \u00e0 la vaccination contre la Covid-19.<\/p>\n<p>Merci pour vos r\u00e9ponses dans le formulaire ci-apr\u00e8s .<\/p>\n\t<p>Enqu\u00eate termin\u00e9e<\/p>\n\t\t\t<a href=\"http:\/\/bit.ly\/PSvaccinCovid\" target=\"_blank\" rel=\"noopener\">\n\t\t\t\t\t\tENQUETE FLASH\n\t\t\t\t\t<\/a>\n\t<p><img loading=\"lazy\" decoding=\"async\" src=\"https:\/\/urpspharma.re\/wp-content\/uploads\/2021\/01\/VACCIN-COVID-300x163.jpg\" alt=\"\" width=\"300\" height=\"163\" \/><\/p>\n<h3>\n\t\tArchives enqu\u00eates\n\t<\/h3>\n\t<p>Enqu\u00eates termin\u00e9es<\/p>\n\t\t\t<a href=\"https:\/\/urpspharma.re\/?page_id=3605\" target=\"_blank\" rel=\"noopener\">\n\t\t\t\t\t\tENQUETES 2018\n\t\t\t\t\t<\/a>\n\t\t\t<a href=\"https:\/\/urpspharma.re\/?page_id=3611\" target=\"_blank\" rel=\"noopener\">\n\t\t\t\t\t\tENQUETES 2019\n\t\t\t\t\t<\/a>\n\t\t\t<a href=\"https:\/\/urpspharma.re\/?page_id=2213\" target=\"_blank\" rel=\"noopener\">\n\t\t\t\t\t\tENQUETES 2020\n\t\t\t\t\t<\/a>\n\t\t\t\t<a href=\"https:\/\/drive.google.com\/file\/d\/0BzC3efHGSHDmSG9tN0VIdXJRZndXajA0YXFVazFnRXgtaTJn\/view?usp=sharing\" target=\"_blank\" rel=\"noopener\" itemprop=\"url\">\n\t\t\t\t<img decoding=\"async\" src=\"http:\/\/urpspharma.re\/wp-content\/uploads\/2019\/05\/enquete1.png\" alt=\"enquete1\" itemprop=\"image\" title=\"enquete1\" onerror=\"this.style.display='none'\"  \/>\n\t\t\t\t<\/a>\n\n","protected":false},"excerpt":{"rendered":"<p>ENQUETES 2021 R\u00e9f\u00e9rencement des officines et vaccination contre la Covid-19 avec le vaccin Nuvaxovid Suite \u00e0 la continuit\u00e9 du d\u00e9ploiement de la vaccination en ville avec le vaccin NUVAXOVID de Novavax, votre URPS ainsi que l&#8217;Agence R\u00e9gionale de Sant\u00e9 de la R\u00e9union, vous sollicitent afin de recenser toutes les pharmacies proposant la vaccination contre la&hellip;<\/p>\n","protected":false},"author":3,"featured_media":0,"parent":0,"menu_order":0,"comment_status":"closed","ping_status":"closed","template":"","meta":{"footnotes":""},"amp_enabled":true,"_links":{"self":[{"href":"https:\/\/urpspharma.re\/index.php?rest_route=\/wp\/v2\/pages\/4289"}],"collection":[{"href":"https:\/\/urpspharma.re\/index.php?rest_route=\/wp\/v2\/pages"}],"about":[{"href":"https:\/\/urpspharma.re\/index.php?rest_route=\/wp\/v2\/types\/page"}],"author":[{"embeddable":true,"href":"https:\/\/urpspharma.re\/index.php?rest_route=\/wp\/v2\/users\/3"}],"replies":[{"embeddable":true,"href":"https:\/\/urpspharma.re\/index.php?rest_route=%2Fwp%2Fv2%2Fcomments&post=4289"}],"version-history":[{"count":6,"href":"https:\/\/urpspharma.re\/index.php?rest_route=\/wp\/v2\/pages\/4289\/revisions"}],"predecessor-version":[{"id":6116,"href":"https:\/\/urpspharma.re\/index.php?rest_route=\/wp\/v2\/pages\/4289\/revisions\/6116"}],"wp:attachment":[{"href":"https:\/\/urpspharma.re\/index.php?rest_route=%2Fwp%2Fv2%2Fmedia&parent=4289"}],"curies":[{"name":"wp","href":"https:\/\/api.w.org\/{rel}","templated":true}]}}