{"id":4352,"date":"2021-01-15T12:56:04","date_gmt":"2021-01-15T08:56:04","guid":{"rendered":"https:\/\/urpspharma.re\/?page_id=4352"},"modified":"2024-10-15T08:19:31","modified_gmt":"2024-10-15T04:19:31","slug":"action-cpts-page-presentation","status":"publish","type":"page","link":"https:\/\/urpspharma.re\/?page_id=4352","title":{"rendered":"Action : CPTS (page pr\u00e9sentation)"},"content":{"rendered":"\n<h1>\n\t\tQU&#8217;EST-CE QU&#8217;UNE CPTS ?\n\t<\/h1>\n<h3>\n\t\tCommunaut\u00e9 Professionnelle Territoriale de Sant\u00e9\n\t<\/h3>\n\t<p>Les\u00a0<strong>CPTS<\/strong>\u00a0sont un\u00a0<strong>mode d&#8217;organisation<\/strong>\u00a0qui permet aux professionnels de sant\u00e9 de\u00a0se regrouper sur un m\u00eame territoire, autour d&#8217;un projet m\u00e9dical et m\u00e9dico-social commun.<\/p>\n\t\t\t<a href=\"https:\/\/urpspharma.re\/?page_id=4254\" target=\"_blank\" rel=\"noopener\">\n\t\t\t\t\t\t\t\u25ba Site : CPTS NORD (en cours)\n\t\t\t\t\t<\/a>\n\t<p>&gt;&gt; <a href=\"https:\/\/www.helloasso.com\/associations\/cpts-nord-la-reunion\/adhesions\/adhesioncptsnordlareunion2023\" target=\"_blank\" rel=\"noopener\">Inscription en cliquant ICI<\/a><\/p>\n<p><img loading=\"lazy\" decoding=\"async\" src=\"https:\/\/urpspharma.re\/wp-content\/uploads\/2023\/09\/cpts-nord_0.jpg\" alt=\"\" width=\"240\" height=\"238\" \/><\/p>\n\t\t\t<a href=\"https:\/\/cptsestreunion.fr\/\" target=\"_blank\" rel=\"noopener\">\n\t\t\t\t\t\t\t\u25ba CPTS EST\n\t\t\t\t\t<\/a>\n\t<p><img loading=\"lazy\" decoding=\"async\" src=\"https:\/\/urpspharma.re\/wp-content\/uploads\/2023\/09\/LOGO-CPTS-EST.jpg\" alt=\"\" width=\"600\" height=\"251\" \/><\/p>\n\t\t\t<a href=\"http:\/\/www.cpts-ouest.fr\/\" target=\"_blank\" rel=\"noopener\">\n\t\t\t\t\t\t\t\u25ba CPTS OUEST\n\t\t\t\t\t<\/a>\n\t<p><img loading=\"lazy\" decoding=\"async\" src=\"https:\/\/urpspharma.re\/wp-content\/uploads\/2023\/09\/logo-CPTS-OUEST-300x145.jpg\" alt=\"\" width=\"300\" height=\"145\" \/><\/p>\n\t\t\t<a href=\"https:\/\/cpts-reso.site-sante.fr\/#territoiredesant%C3%A9\" target=\"_blank\" rel=\"noopener\">\n\t\t\t\t\t\t\t\u25ba CPTS R\u00e9SO\n\t\t\t\t\t<\/a>\n\t<p><img loading=\"lazy\" decoding=\"async\" src=\"https:\/\/urpspharma.re\/wp-content\/uploads\/2023\/09\/LOGO-CPTS-RESO-SUD-OUEST.png\" alt=\"\" width=\"500\" height=\"208\" \/><\/p>\n\t\t\t<a href=\"http:\/\/cpts-australe.fr\/\" target=\"_blank\" rel=\"noopener\">\n\t\t\t\t\t\t\t\u25ba CPTS Australe\n\t\t\t\t\t<\/a>\n\t<p><img loading=\"lazy\" decoding=\"async\" src=\"https:\/\/urpspharma.re\/wp-content\/uploads\/2023\/09\/CPTS-AUSTRALE.png\" alt=\"\" width=\"240\" height=\"240\" \/><\/p>\n\t\t\t<a href=\"https:\/\/www.cptsgrandsudreunion.fr\/\" target=\"_blank\" rel=\"noopener\">\n\t\t\t\t\t\t\t\u25ba CPTS Grand Sud R\u00e9union\n\t\t\t\t\t<\/a>\n\t<p><img loading=\"lazy\" decoding=\"async\" src=\"https:\/\/urpspharma.re\/wp-content\/uploads\/2023\/09\/cpts-grand-sud.jpg\" alt=\"\" width=\"240\" height=\"240\" \/><\/p>\n<h1>\n\t\tLIENS UTILES\n\t<\/h1>\n\t<p>ARS de La R\u00e9union en\u00a0<a href=\"https:\/\/www.lareunion.ars.sante.fr\/communaute-professionnelle-territoriale-de-sante-cpts-2\" target=\"_blank\" rel=\"noopener\">cliquant ICI<\/a><\/p>\n<h1>\n\t\tVOTRE ACTUALITE\n\t<\/h1>\n<h1>\n\t\tARCHIVES\n\t<\/h1>\n\t<p><a href=\"https:\/\/drive.google.com\/file\/d\/14_u3213kloBmC2M6PHbc2k9eJlp4FwSA\/view?usp=sharing\" target=\"_blank\" rel=\"noopener\"><img loading=\"lazy\" decoding=\"async\" src=\"https:\/\/urpspharma.re\/wp-content\/uploads\/2020\/12\/Courrier-cpts-tip@sante-130919.png\" alt=\"\" width=\"369\" height=\"523\" \/><\/a><\/p>\n\t<p><a href=\"https:\/\/drive.google.com\/file\/d\/1gMmFZMMywMKE_H2fq7fVh1NMtm6S3gch\/view?usp=sharing\" target=\"_blank\" rel=\"noopener\"><img loading=\"lazy\" decoding=\"async\" src=\"https:\/\/urpspharma.re\/wp-content\/uploads\/2020\/10\/flyer-\u00e0-t\u00e9l\u00e9charger-cpts.png\" alt=\"\" width=\"201\" height=\"325\" \/><\/a><\/p>\n\t<p>Pour vous guider dans la construction de votre projet, vous pouvez vous rapprocher des interlocuteurs suivants\u00a0:<\/p>\n<ul>\n<li><strong><a href=\"mailto:Tip@sant%C3%A9\">Tip@sant\u00e9<\/a><\/strong>,\u00a0<strong>association inter-URPS<\/strong><br \/>\n\u2709\u00a0<a href=\"mailto:contact.tip@sante.fr\">Envoyer un courriel<\/a><\/li>\n<li><strong>L&#8217;ARS La R\u00e9union\u00a0<\/strong><br \/>\n\u2709\u00a0<a href=\"mailto:ars-oi-cpts@ars.sante.fr\">Envoyer un courriel<\/a><\/li>\n<li><strong>L&#8217;Assurance Maladie<\/strong><br \/>\n\u2709\u00a0<a href=\"mailto:sd.ersm-reunion@assurance-maladie.fr\">Envoyer un courriel<\/a><\/li>\n<\/ul>\n\t<meta itemprop=\"url\" content=\"https:\/\/urpspharma.re\/wp-content\/uploads\/2020\/10\/190911_ARS-CPTS.mp4\" \/><div style=\"width: 640px;\" class=\"wp-video\"><!--[if lt IE 9]><script>document.createElement('video');<\/script><![endif]-->\n<video class=\"wp-video-shortcode\" id=\"video-4352-1\" width=\"640\" height=\"360\" poster=\"https:\/\/urpspharma.re\/wp-content\/uploads\/2020\/10\/video-de-pr\u00e9sentation-cpts.png\" preload=\"none\" controls=\"controls\"><source type=\"video\/mp4\" src=\"https:\/\/urpspharma.re\/wp-content\/uploads\/2020\/10\/190911_ARS-CPTS.mp4?_=1\" \/><a href=\"https:\/\/urpspharma.re\/wp-content\/uploads\/2020\/10\/190911_ARS-CPTS.mp4\">https:\/\/urpspharma.re\/wp-content\/uploads\/2020\/10\/190911_ARS-CPTS.mp4<\/a><\/video><\/div>\n\t\t\t<a href=\"https:\/\/urpspharma.re\/?page_id=4254\" target=\"_blank\" rel=\"noopener\">\n\t\t\t\t\t\t\t\u25baCPTS NORD\n\t\t\t\t\t<\/a>\n\t\t\t<a href=\"https:\/\/urpspharma.re\/?page_id=4245\" target=\"_blank\" rel=\"noopener\">\n\t\t\t\t\t\t\t\u25ba CPTS EST\n\t\t\t\t\t<\/a>\n\t\t\t<a href=\"https:\/\/urpspharma.re\/?page_id=4236\" target=\"_blank\" rel=\"noopener\">\n\t\t\t\t\t\t\t\u25ba CPTS OUEST\n\t\t\t\t\t<\/a>\n\t\t\t<a href=\"https:\/\/urpspharma.re\/?page_id=4824\" target=\"_blank\" rel=\"noopener\">\n\t\t\t\t\t\t\t\u25ba CPTS R\u00e9SO\n\t\t\t\t\t<\/a>\n\t\t\t<a href=\"https:\/\/urpspharma.re\/?page_id=4998\" target=\"_blank\" rel=\"noopener\">\n\t\t\t\t\t\t\t\u25ba CPTS Australe\n\t\t\t\t\t<\/a>\n\t\t\t<a href=\"https:\/\/urpspharma.re\/?page_id=3837\" target=\"_blank\" rel=\"noopener\">\n\t\t\t\t\t\t\t\u25ba CPTS Grand Sud R\u00e9union\n\t\t\t\t\t<\/a>\n\n","protected":false},"excerpt":{"rendered":"<p>QU&#8217;EST-CE QU&#8217;UNE CPTS ? Communaut\u00e9 Professionnelle Territoriale de Sant\u00e9 Les\u00a0CPTS\u00a0sont un\u00a0mode d&#8217;organisation\u00a0qui permet aux professionnels de sant\u00e9 de\u00a0se regrouper sur un m\u00eame territoire, autour d&#8217;un projet m\u00e9dical et m\u00e9dico-social commun. \u25ba Site : CPTS NORD (en cours) &gt;&gt; Inscription en cliquant ICI \u25ba CPTS EST \u25ba CPTS OUEST \u25ba CPTS R\u00e9SO \u25ba CPTS Australe \u25ba&hellip;<\/p>\n","protected":false},"author":3,"featured_media":0,"parent":0,"menu_order":0,"comment_status":"closed","ping_status":"closed","template":"","meta":{"footnotes":""},"amp_enabled":true,"_links":{"self":[{"href":"https:\/\/urpspharma.re\/index.php?rest_route=\/wp\/v2\/pages\/4352"}],"collection":[{"href":"https:\/\/urpspharma.re\/index.php?rest_route=\/wp\/v2\/pages"}],"about":[{"href":"https:\/\/urpspharma.re\/index.php?rest_route=\/wp\/v2\/types\/page"}],"author":[{"embeddable":true,"href":"https:\/\/urpspharma.re\/index.php?rest_route=\/wp\/v2\/users\/3"}],"replies":[{"embeddable":true,"href":"https:\/\/urpspharma.re\/index.php?rest_route=%2Fwp%2Fv2%2Fcomments&post=4352"}],"version-history":[{"count":10,"href":"https:\/\/urpspharma.re\/index.php?rest_route=\/wp\/v2\/pages\/4352\/revisions"}],"predecessor-version":[{"id":6765,"href":"https:\/\/urpspharma.re\/index.php?rest_route=\/wp\/v2\/pages\/4352\/revisions\/6765"}],"wp:attachment":[{"href":"https:\/\/urpspharma.re\/index.php?rest_route=%2Fwp%2Fv2%2Fmedia&parent=4352"}],"curies":[{"name":"wp","href":"https:\/\/api.w.org\/{rel}","templated":true}]}}