{"id":4581,"date":"2021-03-19T16:02:43","date_gmt":"2021-03-19T12:02:43","guid":{"rendered":"https:\/\/urpspharma.re\/?page_id=4581"},"modified":"2024-02-12T16:11:40","modified_gmt":"2024-02-12T12:11:40","slug":"action-bilan-urps-pharmaciens","status":"publish","type":"page","link":"https:\/\/urpspharma.re\/?page_id=4581","title":{"rendered":"Action : Rapport activit\u00e9s &#8211; URPS Pharmaciens"},"content":{"rendered":"\n<h1>\n\t\tRAPPORTS D&#8217;ACTIVITE\n\t<\/h1>\n<h2>\n\t\tURPS Pharmaciens La R\u00e9union Oc\u00e9an Indien\n\t<\/h2>\n\t<p>L&#8217;Union R\u00e9gionale des Pharmaciens La R\u00e9union Oc\u00e9an Indien est heureuse de vous pr\u00e9senter les rapports d&#8217;activit\u00e9 des derni\u00e8res ann\u00e9es. Vous pourrez prendre connaissance des actions et projets men\u00e9s par vos \u00e9lus.<\/p>\n<p>Nous vous souhaitons une bonne lecture!<\/p>\n\t<p><img loading=\"lazy\" decoding=\"async\" src=\"https:\/\/urpspharma.re\/wp-content\/uploads\/2023\/09\/rapport_v2-724x1024.png\" alt=\"\" width=\"450\" height=\"636\" \/><\/p>\n\t\t\t<a href=\"https:\/\/drive.google.com\/file\/d\/1TZ4REgJOOEaWentE97vzQ8kZUFyQu-Md\/view?usp=drive_link\" target=\"_blank\" rel=\"noopener\">\n\t\t\t\t\t\t\tRapport d&#8217;activit\u00e9 2022\n\t\t\t\t\t<\/a>\n\t\t\t<a href=\"https:\/\/drive.google.com\/file\/d\/1PbzXoFlYvAgEmTVDLJjl_ZW-HOBQzNmH\/view?usp=drive_link\" target=\"_blank\" rel=\"noopener\">\n\t\t\t\t\t\t\tRapport d&#8217;activit\u00e9 2021\n\t\t\t\t\t<\/a>\n\t\t\t<a href=\"https:\/\/drive.google.com\/file\/d\/1hdUkEXJEmjtWH5CiAlekE8FvAGOv5Pna\/view?usp=drive_link\" target=\"_blank\" rel=\"noopener\">\n\t\t\t\t\t\t\tRapport d&#8217;activit\u00e9 2020\n\t\t\t\t\t<\/a>\n\t\t\t<a href=\"https:\/\/drive.google.com\/file\/d\/12U_oQfKFiOPLxJhh569nF6ApeBiuLCcC\/view?usp=drive_link\" target=\"_blank\" rel=\"noopener\">\n\t\t\t\t\t\t\tRapport d&#8217;activit\u00e9 2019\n\t\t\t\t\t<\/a>\n\t\t\t<a href=\"https:\/\/drive.google.com\/file\/d\/1EWEjiMKsCgWSqffEfy7nYOJWr30IUCEt\/view?usp=drive_link\" target=\"_blank\" rel=\"noopener\">\n\t\t\t\t\t\t\tRapport d&#8217;activit\u00e9 2018\n\t\t\t\t\t<\/a>\n\t\t\t<a href=\"https:\/\/drive.google.com\/file\/d\/1HQOEyPPR8X6g92J3TG4IkSVGReELg7x3\/view?usp=drive_link\" target=\"_blank\" rel=\"noopener\">\n\t\t\t\t\t\t\tRapport d&#8217;activit\u00e9 2017\n\t\t\t\t\t<\/a>\n\t\t\t<a href=\"https:\/\/drive.google.com\/file\/d\/1sSKotJ55xipnvcEaWtHq8cRse_jWn_8B\/view?usp=sharing\" target=\"_blank\" rel=\"noopener\">\n\t\t\t\t\t\t\tRapport d&#8217;activit\u00e9 2016\n\t\t\t\t\t<\/a>\n\n","protected":false},"excerpt":{"rendered":"<p>RAPPORTS D&#8217;ACTIVITE URPS Pharmaciens La R\u00e9union Oc\u00e9an Indien L&#8217;Union R\u00e9gionale des Pharmaciens La R\u00e9union Oc\u00e9an Indien est heureuse de vous pr\u00e9senter les rapports d&#8217;activit\u00e9 des derni\u00e8res ann\u00e9es. Vous pourrez prendre connaissance des actions et projets men\u00e9s par vos \u00e9lus. Nous vous souhaitons une bonne lecture! Rapport d&#8217;activit\u00e9 2022 Rapport d&#8217;activit\u00e9 2021 Rapport d&#8217;activit\u00e9 2020 Rapport&hellip;<\/p>\n","protected":false},"author":3,"featured_media":0,"parent":0,"menu_order":0,"comment_status":"closed","ping_status":"closed","template":"","meta":{"footnotes":""},"amp_enabled":true,"_links":{"self":[{"href":"https:\/\/urpspharma.re\/index.php?rest_route=\/wp\/v2\/pages\/4581"}],"collection":[{"href":"https:\/\/urpspharma.re\/index.php?rest_route=\/wp\/v2\/pages"}],"about":[{"href":"https:\/\/urpspharma.re\/index.php?rest_route=\/wp\/v2\/types\/page"}],"author":[{"embeddable":true,"href":"https:\/\/urpspharma.re\/index.php?rest_route=\/wp\/v2\/users\/3"}],"replies":[{"embeddable":true,"href":"https:\/\/urpspharma.re\/index.php?rest_route=%2Fwp%2Fv2%2Fcomments&post=4581"}],"version-history":[{"count":12,"href":"https:\/\/urpspharma.re\/index.php?rest_route=\/wp\/v2\/pages\/4581\/revisions"}],"predecessor-version":[{"id":6223,"href":"https:\/\/urpspharma.re\/index.php?rest_route=\/wp\/v2\/pages\/4581\/revisions\/6223"}],"wp:attachment":[{"href":"https:\/\/urpspharma.re\/index.php?rest_route=%2Fwp%2Fv2%2Fmedia&parent=4581"}],"curies":[{"name":"wp","href":"https:\/\/api.w.org\/{rel}","templated":true}]}}