{"id":4716,"date":"2021-08-16T12:10:08","date_gmt":"2021-08-16T08:10:08","guid":{"rendered":"https:\/\/urpspharma.re\/?page_id=4716"},"modified":"2023-09-15T10:09:19","modified_gmt":"2023-09-15T06:09:19","slug":"covid-19-vaccination-modalites-de-commande-vaccin-comirnaty-pfizer","status":"publish","type":"page","link":"https:\/\/urpspharma.re\/?page_id=4716","title":{"rendered":"Action : Covid-19 &#8211; Vaccination : Mise \u00e0 disposition du vaccin Pfizer COMIRNATY\u00b0"},"content":{"rendered":"<h1>\n\t\tMISE A DISPOSITION DES VACCINS\n\t<\/h1>\n\t\t\t\t<img loading=\"lazy\" decoding=\"async\" src=\"https:\/\/urpspharma.re\/wp-content\/uploads\/2020\/03\/bandeau-coronavirus.png\" alt=\"bandeau coronavirus\" itemprop=\"image\" height=\"100\" width=\"600\" title=\"bandeau coronavirus\"  \/>\n\t<h6><strong>Pfizer COMIRNATY\u00b0, <\/strong><strong>Pfizer COMIRNATY\u00b0 P\u00e9diatrique, NOVAVAX Nuvaxovid<\/strong><\/h6>\n<h1>\n\t\tModalit\u00e9s des commandes des vaccins\n\t<\/h1>\n\t<p><strong>Passage des commandes en PharmaML d\u00e8s le 13 juin 2022<\/strong><\/p>\n\t<p><strong>\u00a0201 pharmacies habilit\u00e9es <a href=\"https:\/\/drive.google.com\/file\/d\/1PZw39Z_OJ30cQ-SUcyz3Tv4TL5rLUmd0\/view\" target=\"_blank\" rel=\"noopener noreferrer\">&gt;&gt; liste des pharmacies en cliquant ICI<\/a><\/strong><\/p>\n\t<p><strong>Pfizer COMIRNATY\u00b0 (adulte et p\u00e9diatrique) et NUVAXOVID ?<\/strong><\/p>\n\t<strong>Proc\u00e9dure des commandes en PharmaML :<\/strong><br \/>\n<strong><a href=\"https:\/\/mailchi.mp\/6aa9bb4642c0\/pharmar-demande-de-retours-boites-de-vaccins-covid19-5215905?e=36d295ae1b\" target=\"_blank\" rel=\"noopener noreferrer\">&gt;&gt; Communiqu\u00e9 de Pharmar du 2 juin<\/a><\/strong>\n\t<strong>\u25baTransmission de vos commandes dernier d\u00e9lai \u00e0 10h\u00a0la veille de votre livraison\u00a0<\/strong>\nCOMIRNATY SOL INJ FL2ML 1DOSE (forme adulte) : 3400928099747<br \/>\nCOMIRNATY SOL INJ ENFANT 1FL (forme p\u00e9diatrique) : 3400928099693<br \/>\nNUVAXOVID SOL INJ FL0ML5 DOS10\u00a0: 2479141<br \/>\nCOVID-19 VAC JAN FL2ML5 5DOS 1\u00a0: 3400928099785<br \/>\n(sur l\u2019environnement\u00a0d\u00e9positaire 03D Pharmar Saint-Andr\u00e9)\n<strong>\u25ba Le\u00a0calendrier de livraison reste inchang\u00e9<\/strong>\n\t<strong>Nous contacter<\/strong><br \/>\nMME LAHOGUE Sandrine &#8211; Charg\u00e9e de mission<br \/>\nEmail : <a href=\"mailto:contact@urpspharma.re\" target=\"_blank\" rel=\"noopener noreferrer\">contact@urpspharma.re<\/a><br \/>\nGsm : 06.93.90.96.42\n","protected":false},"excerpt":{"rendered":"<p>MISE A DISPOSITION DES VACCINS Pfizer COMIRNATY\u00b0, Pfizer COMIRNATY\u00b0 P\u00e9diatrique, NOVAVAX Nuvaxovid Modalit\u00e9s des commandes des vaccins Passage des commandes en PharmaML d\u00e8s le 13 juin 2022 \u00a0201 pharmacies habilit\u00e9es &gt;&gt; liste des pharmacies en cliquant ICI Pfizer COMIRNATY\u00b0 (adulte et p\u00e9diatrique) et NUVAXOVID ? Proc\u00e9dure des commandes en PharmaML : &gt;&gt; Communiqu\u00e9 de Pharmar&hellip;<\/p>\n","protected":false},"author":3,"featured_media":0,"parent":0,"menu_order":0,"comment_status":"closed","ping_status":"closed","template":"","meta":{"footnotes":""},"amp_enabled":true,"_links":{"self":[{"href":"https:\/\/urpspharma.re\/index.php?rest_route=\/wp\/v2\/pages\/4716"}],"collection":[{"href":"https:\/\/urpspharma.re\/index.php?rest_route=\/wp\/v2\/pages"}],"about":[{"href":"https:\/\/urpspharma.re\/index.php?rest_route=\/wp\/v2\/types\/page"}],"author":[{"embeddable":true,"href":"https:\/\/urpspharma.re\/index.php?rest_route=\/wp\/v2\/users\/3"}],"replies":[{"embeddable":true,"href":"https:\/\/urpspharma.re\/index.php?rest_route=%2Fwp%2Fv2%2Fcomments&post=4716"}],"version-history":[{"count":11,"href":"https:\/\/urpspharma.re\/index.php?rest_route=\/wp\/v2\/pages\/4716\/revisions"}],"predecessor-version":[{"id":5801,"href":"https:\/\/urpspharma.re\/index.php?rest_route=\/wp\/v2\/pages\/4716\/revisions\/5801"}],"wp:attachment":[{"href":"https:\/\/urpspharma.re\/index.php?rest_route=%2Fwp%2Fv2%2Fmedia&parent=4716"}],"curies":[{"name":"wp","href":"https:\/\/api.w.org\/{rel}","templated":true}]}}