{"id":56,"date":"2014-08-12T12:06:34","date_gmt":"2014-08-12T08:06:34","guid":{"rendered":"http:\/\/urpspharma.re\/?page_id=56"},"modified":"2024-02-23T11:05:38","modified_gmt":"2024-02-23T07:05:38","slug":"contactez-nous","status":"publish","type":"page","link":"https:\/\/urpspharma.re\/?page_id=56","title":{"rendered":"Contactez-nous"},"content":{"rendered":"\n<h1>\n\t\tNous contacter\n\t<\/h1>\n\t<p>Sandrine LAHOGUE &#8211; Charg\u00e9e de mission<\/p>\n<h3>\n\t\tHoraires d&#8217;ouverture\n\t<\/h3>\n\t<p>du Lundi au Vendredi<\/p>\n<p>8h30 &#8211; 12h30 et 13h30 &#8211; 16h30<\/p>\n<h3>\n\t\tE-mail\n\t<\/h3>\n\t<p>contact@urpspharma.re<\/p>\n\n<h3>\n\t\tT\u00e9l\u00e9pone\n\t<\/h3>\n\t<p>06 93 90 96 42<\/p>\n<h3>\n\t\tSi\u00e8ge social\n\t<\/h3>\n\t<p>28A Rue Saint-Julien<\/p>\n<p>Saint-Louis, 97450<\/p>\n<h1>\n\t\tFormulaire de contact\n\t<\/h1>\n\n","protected":false},"excerpt":{"rendered":"<p>Nous contacter Sandrine LAHOGUE &#8211; Charg\u00e9e de mission Horaires d&#8217;ouverture du Lundi au Vendredi 8h30 &#8211; 12h30 et 13h30 &#8211; 16h30 E-mail contact@urpspharma.re T\u00e9l\u00e9pone 06 93 90 96 42 Si\u00e8ge social 28A Rue Saint-Julien Saint-Louis, 97450 Formulaire de contact<\/p>\n","protected":false},"author":3,"featured_media":0,"parent":0,"menu_order":0,"comment_status":"closed","ping_status":"closed","template":"","meta":{"footnotes":""},"amp_enabled":true,"_links":{"self":[{"href":"https:\/\/urpspharma.re\/index.php?rest_route=\/wp\/v2\/pages\/56"}],"collection":[{"href":"https:\/\/urpspharma.re\/index.php?rest_route=\/wp\/v2\/pages"}],"about":[{"href":"https:\/\/urpspharma.re\/index.php?rest_route=\/wp\/v2\/types\/page"}],"author":[{"embeddable":true,"href":"https:\/\/urpspharma.re\/index.php?rest_route=\/wp\/v2\/users\/3"}],"replies":[{"embeddable":true,"href":"https:\/\/urpspharma.re\/index.php?rest_route=%2Fwp%2Fv2%2Fcomments&post=56"}],"version-history":[{"count":18,"href":"https:\/\/urpspharma.re\/index.php?rest_route=\/wp\/v2\/pages\/56\/revisions"}],"predecessor-version":[{"id":6285,"href":"https:\/\/urpspharma.re\/index.php?rest_route=\/wp\/v2\/pages\/56\/revisions\/6285"}],"wp:attachment":[{"href":"https:\/\/urpspharma.re\/index.php?rest_route=%2Fwp%2Fv2%2Fmedia&parent=56"}],"curies":[{"name":"wp","href":"https:\/\/api.w.org\/{rel}","templated":true}]}}