{"id":6198,"date":"2024-02-12T14:12:11","date_gmt":"2024-02-12T10:12:11","guid":{"rendered":"https:\/\/urpspharma.re\/?page_id=6198"},"modified":"2025-06-24T10:11:46","modified_gmt":"2025-06-24T06:11:46","slug":"bilan-2016-mon-pharmacien-et-mois-sans-tabac-2-copy","status":"publish","type":"page","link":"https:\/\/urpspharma.re\/?page_id=6198","title":{"rendered":"Honoraires et actes des pharmaciens"},"content":{"rendered":"\n<h1  data-animation-delay=\"1\" data-animation-duration=\"1\">\n\t\t\tHonoraires et actes des pharmaciens\t<\/h1>\n\t<p>&nbsp;<\/p>\n<p>Retrouvez les codes de facturation associ\u00e9s aux honoraires et aux actes des pharmaciens facturables \u00e0 l&#8217;Assurance Maladie sur le site &#8220;Ameli&#8221;<\/p>\n<h2  id=\"general\">\n\t\t\tHonoraires \u00e0 l&#8217;ordonnance\t<\/h2>\n<h2  id=\"general\">\n\t\t\tEntretiens pharmaceutiques\t<\/h2>\n<h4  id=\"general\">\n\t\t\tEntretien pharmaceutique : Accompagnement de patients sous anticoagulants oraux ou de patients asthmatiques\t<\/h4>\n<h4  id=\"general\">\n\t\t\tEntretien pharmaceutique : Accompagnement de patients sous anticanc\u00e9reux oraux : traitements au long cours (3)\t<\/h4>\n<h4  id=\"general\">\n\t\t\tEntretien pharmaceutique : Accompagnement de patients sous anticanc\u00e9reux oraux : autres anticanc\u00e9reux des classes ATC L01 et L02 administr\u00e9s par voie orale\t<\/h4>\n<h4  id=\"general\">\n\t\t\tEntretien pharmaceutique : Accompagnement des patients polym\u00e9diqu\u00e9s\t<\/h4>\n<h2  id=\"general\">\n\t\t\tEntretien court\t<\/h2>\n<h4  id=\"general\">\n\t\t\tFemme enceinte\t<\/h4>\n<h4  id=\"general\">\n\t\t\tEntretien antalgique de palier II (opio\u00efde)\t<\/h4>\n<h2  id=\"general\">\n\t\t\tR\u00e9mun\u00e9ration pour les pharmacies de garde\t<\/h2>\n<h2  id=\"general\">\n\t\t\tD\u00e9pistage\t<\/h2>\n<h4  id=\"general\">\n\t\t\tTrod angine\t<\/h4>\n<h4  id=\"general\">\n\t\t\tBandelette urinaire\t<\/h4>\n<h4  id=\"general\">\n\t\t\tCancer colorectal &#8211; CCR\t<\/h4>\n<h2  id=\"general\">\n\t\t\tGrippe saisonni\u00e8re\t<\/h2>\n<h2  id=\"general\">\n\t\t\tD\u00e9livrance de masque\t<\/h2>\n<h2  id=\"general\">\n\t\t\tLes r\u00e9mun\u00e9rations sur objectifs\t<\/h2>\n\t<p>\u00c0 la suite de la convention nationale des pharmaciens sign\u00e9e le 9\u00a0mars 2022 et de l&#8217;avenant\u00a01 \u00e0 la convention sign\u00e9 le 10\u00a0juin 2024, le pharmacien peut b\u00e9n\u00e9ficier de 2 r\u00e9mun\u00e9rations forfaitaires vers\u00e9es annuellement\u00a0:<\/p>\n<ul>\n<li>la r\u00e9mun\u00e9ration pour le d\u00e9veloppement du num\u00e9rique en sant\u00e9 et l&#8217;am\u00e9lioration de l&#8217;acc\u00e8s aux soins, appel\u00e9e r\u00e9mun\u00e9ration \u00ab Num\u00e9rique et acc\u00e8s aux soins\u00a0\u00bb ou \u00ab\u00a0REMU NUM\u00a0\u00bb\u00a0;<\/li>\n<li>la r\u00e9mun\u00e9ration sur objectif de sant\u00e9 publique (Rosp) pour d\u00e9velopper le bon usage des produits de sant\u00e9 ou \u00ab\u00a0Rosp BUPS\u00a0\u00bb.<\/li>\n<\/ul>\n<p>\u00c0 titre exceptionnel, pour l&#8217;ann\u00e9e 2024, l&#8217;avenant\u00a01 \u00e0 la convention sign\u00e9 le 10\u00a0juin 2024 pr\u00e9voit des r\u00e9mun\u00e9rations forfaitaires suppl\u00e9mentaires vers\u00e9es au 1er semestre 2025, aux pharmaciens remplissant les objectifs de sant\u00e9 publique<\/p>\n<h2  id=\"general\">\n\t\t\tMon bilan pr\u00e9vention\t<\/h2>\n\t<p>Mon bilan pr\u00e9vention est un rendez-vous permettant aux patients et aux professionnels de sant\u00e9 d&#8217;aborder les habitudes de vie, d&#8217;identifier des facteurs de risque de maladies chroniques (diab\u00e8te, maladies cardiovasculaires&#8230;), r\u00e9aliser des d\u00e9pistages (cancers, IST&#8230;) et des rappels de vaccination.<\/p>\n\n","protected":false},"excerpt":{"rendered":"<p>Honoraires et actes des pharmaciens &nbsp; Retrouvez les codes de facturation associ\u00e9s aux honoraires et aux actes des pharmaciens facturables \u00e0 l&#8217;Assurance Maladie sur le site &#8220;Ameli&#8221; Honoraires \u00e0 l&#8217;ordonnance Entretiens pharmaceutiques Entretien pharmaceutique : Accompagnement de patients sous anticoagulants oraux ou de patients asthmatiques Entretien pharmaceutique : Accompagnement de patients sous anticanc\u00e9reux oraux :&hellip;<\/p>\n","protected":false},"author":3,"featured_media":0,"parent":0,"menu_order":0,"comment_status":"closed","ping_status":"closed","template":"","meta":{"footnotes":""},"amp_enabled":true,"_links":{"self":[{"href":"https:\/\/urpspharma.re\/index.php?rest_route=\/wp\/v2\/pages\/6198"}],"collection":[{"href":"https:\/\/urpspharma.re\/index.php?rest_route=\/wp\/v2\/pages"}],"about":[{"href":"https:\/\/urpspharma.re\/index.php?rest_route=\/wp\/v2\/types\/page"}],"author":[{"embeddable":true,"href":"https:\/\/urpspharma.re\/index.php?rest_route=\/wp\/v2\/users\/3"}],"replies":[{"embeddable":true,"href":"https:\/\/urpspharma.re\/index.php?rest_route=%2Fwp%2Fv2%2Fcomments&post=6198"}],"version-history":[{"count":12,"href":"https:\/\/urpspharma.re\/index.php?rest_route=\/wp\/v2\/pages\/6198\/revisions"}],"predecessor-version":[{"id":7140,"href":"https:\/\/urpspharma.re\/index.php?rest_route=\/wp\/v2\/pages\/6198\/revisions\/7140"}],"wp:attachment":[{"href":"https:\/\/urpspharma.re\/index.php?rest_route=%2Fwp%2Fv2%2Fmedia&parent=6198"}],"curies":[{"name":"wp","href":"https:\/\/api.w.org\/{rel}","templated":true}]}}