{"id":6224,"date":"2024-02-12T16:31:26","date_gmt":"2024-02-12T12:31:26","guid":{"rendered":"https:\/\/urpspharma.re\/?page_id=6224"},"modified":"2024-02-12T16:31:26","modified_gmt":"2024-02-12T12:31:26","slug":"bilan-2016-mon-pharmacien-et-mois-sans-tabac-copy","status":"publish","type":"page","link":"https:\/\/urpspharma.re\/?page_id=6224","title":{"rendered":"Action : Bilan &#8211; Kit APAS"},"content":{"rendered":"\n<h1>\n\t\tBILANS\n\t<\/h1>\n<h1>\n\t\tExp\u00e9rimentation : kit APAS\n\t<\/h1>\n<h1>\n\t\tKit APAS (Activit\u00e9 Physique Adapt\u00e9e \u00e0 la Sant\u00e9)\n\t<\/h1>\n\t<p><strong>Pilote &#8211; Test du 05 septembre au 1er octobre 2022 &#8211; Secteur du Tampon <\/strong><\/p>\n<p><strong>3 pharmacies &amp; 1 Maison de sant\u00e9<\/strong><\/p>\n<p>Objectif de l&#8217;exp\u00e9rimentation<\/p>\n<ul>\n<li aria-level=\"1\">\u00c9valuer la pertinence du r\u00f4le du pharmacien dans la strat\u00e9gie nationale du sport sant\u00e9<\/li>\n<li aria-level=\"1\">Mise en place d&#8217;un outil d&#8217;aide \u00e0 l&#8217;entretien du pharmacien (KIT APA)<\/li>\n<li aria-level=\"1\">P\u00e9riode de test (septembre 2022)<\/li>\n<li aria-level=\"1\">Analyse du test\u00a0<\/li>\n<li aria-level=\"1\">D\u00e9ploiement du Kit APA du pharmacien au niveau national<\/li>\n<\/ul>\n<p>&nbsp;<\/p>\n<p>La politique nationale \u00ab\u00a0Sport-Sant\u00e9\u00a0\u00bb recouvre les mesures d\u00e9veloppant la pratique d&#8217;activit\u00e9s physiques ou sportives qui contribuent au bien-\u00eatre et \u00e0 la sant\u00e9 du pratiquant conform\u00e9ment \u00e0 la d\u00e9finition de la sant\u00e9 par l&#8217;organisation mondiale de la sant\u00e9 : physique, psychologique et sociale (Minist\u00e8re charg\u00e9 des Sports, 2014) et d\u00e9ploy\u00e9e dans le cadre de la politique nationale sport-sant\u00e9 (SNSS 2019 &#8211; 2024).<\/p>\n<p>Dans ce cadre le d\u00e9veloppement de l&#8217;activit\u00e9 physique adapt\u00e9e &#8211; ou sport sur ordonnance &#8211; et son recours par les professionnels de sant\u00e9 constituent une priorit\u00e9 du Gouvernement visant \u00e0 assurer \u00e0 inscrire l&#8217;APA dans le parcours de soin des personnes souffrant de maladies chroniques ou d&#8217;affections de longue dur\u00e9e.<\/p>\n<p>On entend par Activit\u00e9 Physique Adapt\u00e9e (au sens de l&#8217;article L. 1172-1 du code de sant\u00e9 publique), la pratique dans un contexte d&#8217;activit\u00e9 du quotidien, de loisir, de sport ou d&#8217;exercices programm\u00e9s, des mouvements corporels produits par les muscles squelettiques, fond\u00e9s sur les aptitudes et les motivations des personnes ayant des besoins sp\u00e9cifiques qui les emp\u00eachent de pratiquer dans des conditions ordinaires.<\/p>\n<p><b>La loi du 2 mars 2022 visant \u00e0 d\u00e9mocratiser le sport en France renforce la prescription de l&#8217;APA\u00a0:\u00a0<\/b><\/p>\n<ul>\n<li>\u00c9largissement de la prescription de l&#8217;activit\u00e9 physique adapt\u00e9e aux patients atteints de maladies chroniques ou pr\u00e9sentant des facteurs de risques tels que le surpoids, l&#8217;ob\u00e9sit\u00e9 ou l&#8217;hypertension art\u00e9rielle. La loi pr\u00e9voit \u00e9galement que les personnes en perte d&#8217;autonomie pourront b\u00e9n\u00e9ficier de la prescription d&#8217;activit\u00e9 physique adapt\u00e9e.<\/li>\n<li>\u00c9largissement de la liste des professionnels de sant\u00e9 habilit\u00e9s \u00e0 prescrire de l&#8217;activit\u00e9 physique adapt\u00e9e. Aussi, en compl\u00e9ment des m\u00e9decins g\u00e9n\u00e9ralistes, les m\u00e9decins sp\u00e9cialistes pourront prescrire de l&#8217;APA et les kin\u00e9sith\u00e9rapeutes renouveler une prescription.<\/li>\n<\/ul>\n\t\t\t<a href=\"https:\/\/drive.google.com\/file\/d\/1HeSdaJC_ASQaWOy_8oCtng-UwIK53-UN\/view?usp=drive_link\" target=\"_blank\" rel=\"noopener\">\n\t\t\t\t\t\tBILAN 2022\n\t\t\t\t\t<\/a>\n\t<p><img loading=\"lazy\" decoding=\"async\" src=\"https:\/\/urpspharma.re\/wp-content\/uploads\/2024\/02\/kit-apa-affiche.png\" alt=\"\" width=\"558\" height=\"776\" \/><\/p>\n\t\t\t\t<img loading=\"lazy\" decoding=\"async\" src=\"https:\/\/urpspharma.re\/wp-content\/uploads\/2024\/02\/process-kit-apa.png\" alt=\"process kit apa\" itemprop=\"image\" height=\"719\" width=\"1312\" title=\"process kit apa\" onerror=\"this.style.display='none'\"  \/>\n\n","protected":false},"excerpt":{"rendered":"<p>BILANS Exp\u00e9rimentation : kit APAS Kit APAS (Activit\u00e9 Physique Adapt\u00e9e \u00e0 la Sant\u00e9) Pilote &#8211; Test du 05 septembre au 1er octobre 2022 &#8211; Secteur du Tampon 3 pharmacies &amp; 1 Maison de sant\u00e9 Objectif de l&#8217;exp\u00e9rimentation \u00c9valuer la pertinence du r\u00f4le du pharmacien dans la strat\u00e9gie nationale du sport sant\u00e9 Mise en place d&#8217;un&hellip;<\/p>\n","protected":false},"author":3,"featured_media":0,"parent":0,"menu_order":0,"comment_status":"closed","ping_status":"closed","template":"","meta":{"footnotes":""},"amp_enabled":true,"_links":{"self":[{"href":"https:\/\/urpspharma.re\/index.php?rest_route=\/wp\/v2\/pages\/6224"}],"collection":[{"href":"https:\/\/urpspharma.re\/index.php?rest_route=\/wp\/v2\/pages"}],"about":[{"href":"https:\/\/urpspharma.re\/index.php?rest_route=\/wp\/v2\/types\/page"}],"author":[{"embeddable":true,"href":"https:\/\/urpspharma.re\/index.php?rest_route=\/wp\/v2\/users\/3"}],"replies":[{"embeddable":true,"href":"https:\/\/urpspharma.re\/index.php?rest_route=%2Fwp%2Fv2%2Fcomments&post=6224"}],"version-history":[{"count":4,"href":"https:\/\/urpspharma.re\/index.php?rest_route=\/wp\/v2\/pages\/6224\/revisions"}],"predecessor-version":[{"id":6230,"href":"https:\/\/urpspharma.re\/index.php?rest_route=\/wp\/v2\/pages\/6224\/revisions\/6230"}],"wp:attachment":[{"href":"https:\/\/urpspharma.re\/index.php?rest_route=%2Fwp%2Fv2%2Fmedia&parent=6224"}],"curies":[{"name":"wp","href":"https:\/\/api.w.org\/{rel}","templated":true}]}}