{"id":6247,"date":"2024-02-22T15:55:14","date_gmt":"2024-02-22T11:55:14","guid":{"rendered":"https:\/\/urpspharma.re\/?page_id=6247"},"modified":"2024-02-22T15:55:14","modified_gmt":"2024-02-22T11:55:14","slug":"bilan-2016-mon-pharmacien-et-mois-sans-tabac-2-copy-copy","status":"publish","type":"page","link":"https:\/\/urpspharma.re\/?page_id=6247","title":{"rendered":"CRAtb : Stocks anti-infectieux\/Tension d&#8217;approvisionnement"},"content":{"rendered":"\n<h1>\n\t\tStocks anti-infectieux et tensions d&#8217;approvisionnement\n\t<\/h1>\n\t<p>Vous pouvez consulter ci-apr\u00e8s<\/p>\n<p>\u25bale <b>tableau du suivi des\u00a0stocks<\/b>\u00a0<b>anti-infectieux<\/b><b>\u00a0\u00e0 La R\u00e9union\u00a0<\/b>\u00a0(mis \u00e0 jour\u00a0<u>toutes<\/u><u>\u00a0<\/u><u>les semaines<\/u>) et\u00a0<b>t\u00e9l\u00e9chargeable.<\/b><\/p>\n<p>\u25ba la conduite \u00e0 tenir face aux <b>tensions d&#8217;approvisionnement\u00a0<\/b><b>des anti-infectieux avec des propositions d&#8217;alternatives<\/b><\/p>\n<h2>\n\t\tAnti-infectieux en\u00a0tension d&#8217;approvisionnement \/ rupture\n\t<\/h2>\n\t<p><strong>Mise \u00e0 jour hebdomadaire.<\/strong><\/p>\n\t\t\t<a href=\"https:\/\/www.cpias-oi.fr\/actualites\/525-suivi-stock-anti-infectieux\" target=\"_self\" rel=\"noopener\">\n\t\t\t\t\t\t\tSuivi des stocks des anti-infectieux \u00e0 la R\u00e9union ICI\n\t\t\t\t\t<\/a>\n<h2>\n\t\t<a href=\"https:\/\/www.cpias-oi.fr\/cratb\/switch-anti-infectieux\" title=\"Conduite \u00e0 tenir \/ propositions d&#039;alternatives\" target=\"_blank\" rel=\"noopener\">\n\t\tConduite \u00e0 tenir \/ propositions d&#8217;alternatives\n\t\t<\/a>\n\t<\/h2>\n\t<p>Conduite \u00e0 tenir lors des <b>tensions d&#8217;approvisionnement\u00a0<\/b><b>des anti-infectieux avec des propositions d&#8217;alternatives<\/b><\/p>\n\t\t\t<a href=\"https:\/\/www.cpias-oi.fr\/actualites\/525-suivi-stock-anti-infectieux\" target=\"_self\" rel=\"noopener\">\n\t\t\t\t\t\t\tCAT Tension d&#8217;approvisionnement \u00e0 la R\u00e9union ICI\n\t\t\t\t\t<\/a>\n\n","protected":false},"excerpt":{"rendered":"<p>Stocks anti-infectieux et tensions d&#8217;approvisionnement Vous pouvez consulter ci-apr\u00e8s \u25bale tableau du suivi des\u00a0stocks\u00a0anti-infectieux\u00a0\u00e0 La R\u00e9union\u00a0\u00a0(mis \u00e0 jour\u00a0toutes\u00a0les semaines) et\u00a0t\u00e9l\u00e9chargeable. \u25ba la conduite \u00e0 tenir face aux tensions d&#8217;approvisionnement\u00a0des anti-infectieux avec des propositions d&#8217;alternatives Anti-infectieux en\u00a0tension d&#8217;approvisionnement \/ rupture Mise \u00e0 jour hebdomadaire. Suivi des stocks des anti-infectieux \u00e0 la R\u00e9union ICI Conduite \u00e0 tenir&hellip;<\/p>\n","protected":false},"author":3,"featured_media":0,"parent":0,"menu_order":0,"comment_status":"closed","ping_status":"closed","template":"","meta":{"footnotes":""},"amp_enabled":true,"_links":{"self":[{"href":"https:\/\/urpspharma.re\/index.php?rest_route=\/wp\/v2\/pages\/6247"}],"collection":[{"href":"https:\/\/urpspharma.re\/index.php?rest_route=\/wp\/v2\/pages"}],"about":[{"href":"https:\/\/urpspharma.re\/index.php?rest_route=\/wp\/v2\/types\/page"}],"author":[{"embeddable":true,"href":"https:\/\/urpspharma.re\/index.php?rest_route=\/wp\/v2\/users\/3"}],"replies":[{"embeddable":true,"href":"https:\/\/urpspharma.re\/index.php?rest_route=%2Fwp%2Fv2%2Fcomments&post=6247"}],"version-history":[{"count":2,"href":"https:\/\/urpspharma.re\/index.php?rest_route=\/wp\/v2\/pages\/6247\/revisions"}],"predecessor-version":[{"id":6252,"href":"https:\/\/urpspharma.re\/index.php?rest_route=\/wp\/v2\/pages\/6247\/revisions\/6252"}],"wp:attachment":[{"href":"https:\/\/urpspharma.re\/index.php?rest_route=%2Fwp%2Fv2%2Fmedia&parent=6247"}],"curies":[{"name":"wp","href":"https:\/\/api.w.org\/{rel}","templated":true}]}}