{"id":6254,"date":"2024-02-22T16:33:37","date_gmt":"2024-02-22T12:33:37","guid":{"rendered":"https:\/\/urpspharma.re\/?page_id=6254"},"modified":"2024-02-23T10:07:29","modified_gmt":"2024-02-23T06:07:29","slug":"bilan-2016-mon-pharmacien-et-mois-sans-tabac-2-copy-copy-copy","status":"publish","type":"page","link":"https:\/\/urpspharma.re\/?page_id=6254","title":{"rendered":"Pharmacie de garde \u00e0 la R\u00e9union"},"content":{"rendered":"\n<h1>\n\t\tComment trouver une pharmacie de garde \u00e0 La R\u00e9union?\n\t<\/h1>\n\t<p>Les pharmacies de garde sont les pharmacies ouvertes en dehors des jours et horaires habituels.<\/p>\n<p>Vous trouverez ci-apr\u00e8s 2 modes possibles pour obtenir les coordonn\u00e9es de la pharmacie de garde la plus proche de chez vous.<\/p>\n<h2>\n\t\tSur internet\n\t<\/h2>\n\t<p>Gr\u00e2ce \u00e0 votre code postal,\u00a0<a href=\"http:\/\/www.3237.fr\/\" target=\"_blank\" rel=\"noopener\" data-xiti-name=\"le_site_3237.fr\" data-xiti-chapitre1=\"Trouver_la_pharmacie_de_garde_la_plus_proche\" data-xiti-type=\"exit\">le site 3237.fr<\/a> vous permet de trouver les coordonn\u00e9es de la pharmacie de garde la plus proche de chez vous en fonction de l&#8217;heure <strong>GRATUITEMENT<\/strong><\/p>\n\t\t\t<a href=\"https:\/\/www.3237.fr\/\" target=\"_blank\" rel=\"noopener\">\n\t\t\t\t\t\t\tSite 3237.fr en cliquant ICI\n\t\t\t\t\t<\/a>\n<h2>\n\t\tPar t\u00e9l\u00e9phone\n\t<\/h2>\n\t<p>Composez le<strong>\u00a032 37 <\/strong><\/p>\n<p><strong>Attention num\u00e9ro payant : 0,35 \u20acTTC\/min*<\/strong><\/p>\n<p><em>*Il s&#8217;agit d&#8217;un service priv\u00e9 qui permet de rechercher automatiquement les pharmacies les plus proches de votre lieu d&#8217;appel en fonction de l&#8217;heure.<strong> L&#8217;appel \u00e0 ce num\u00e9ro est payant \u00e0 hauteur de 0,35 \u20acTTC\/minute.<\/strong><\/em><\/p>\n<h2>\n\t\tInformations utiles\n\t<\/h2>\n\t<p>Pour b\u00e9n\u00e9ficier d&#8217;une d\u00e9livrance pharmaceutique en p\u00e9riode de garde, il vous sera demand\u00e9 :<\/p>\n<ul>\n<li><strong>une ordonnance m\u00e9dicale<\/strong><\/li>\n<li><strong>votre carte Vitale<\/strong><\/li>\n<\/ul>\n<p>Pendant sa garde, l&#8217;officine peut rester ouverte au public ou, pour des raisons de s\u00e9curit\u00e9, fermer ses portes.\u00a0Dans ce cas, une sonnette est accessible \u00e0 proximit\u00e9 de la porte.<\/p>\n\n","protected":false},"excerpt":{"rendered":"<p>Comment trouver une pharmacie de garde \u00e0 La R\u00e9union? Les pharmacies de garde sont les pharmacies ouvertes en dehors des jours et horaires habituels. Vous trouverez ci-apr\u00e8s 2 modes possibles pour obtenir les coordonn\u00e9es de la pharmacie de garde la plus proche de chez vous. Sur internet Gr\u00e2ce \u00e0 votre code postal,\u00a0le site 3237.fr vous&hellip;<\/p>\n","protected":false},"author":3,"featured_media":0,"parent":0,"menu_order":0,"comment_status":"closed","ping_status":"closed","template":"","meta":{"footnotes":""},"amp_enabled":true,"_links":{"self":[{"href":"https:\/\/urpspharma.re\/index.php?rest_route=\/wp\/v2\/pages\/6254"}],"collection":[{"href":"https:\/\/urpspharma.re\/index.php?rest_route=\/wp\/v2\/pages"}],"about":[{"href":"https:\/\/urpspharma.re\/index.php?rest_route=\/wp\/v2\/types\/page"}],"author":[{"embeddable":true,"href":"https:\/\/urpspharma.re\/index.php?rest_route=\/wp\/v2\/users\/3"}],"replies":[{"embeddable":true,"href":"https:\/\/urpspharma.re\/index.php?rest_route=%2Fwp%2Fv2%2Fcomments&post=6254"}],"version-history":[{"count":3,"href":"https:\/\/urpspharma.re\/index.php?rest_route=\/wp\/v2\/pages\/6254\/revisions"}],"predecessor-version":[{"id":6259,"href":"https:\/\/urpspharma.re\/index.php?rest_route=\/wp\/v2\/pages\/6254\/revisions\/6259"}],"wp:attachment":[{"href":"https:\/\/urpspharma.re\/index.php?rest_route=%2Fwp%2Fv2%2Fmedia&parent=6254"}],"curies":[{"name":"wp","href":"https:\/\/api.w.org\/{rel}","templated":true}]}}