{"id":6267,"date":"2024-02-23T08:13:13","date_gmt":"2024-02-23T04:13:13","guid":{"rendered":"https:\/\/urpspharma.re\/?page_id=6267"},"modified":"2024-02-23T08:13:13","modified_gmt":"2024-02-23T04:13:13","slug":"lurps-pharmaciens-en-savoir-plus-copy","status":"publish","type":"page","link":"https:\/\/urpspharma.re\/?page_id=6267","title":{"rendered":"Les missions"},"content":{"rendered":"\n<h1>\n\t\tLes missions\n\t<\/h1>\n\t<h1>Les missions des URPS (Unions R\u00e9gionales des Professionnels de Sant\u00e9)<\/h1>\n<p>&nbsp;<\/p>\n\t<p>Cr\u00e9\u00e9e le 15 f\u00e9vrier 2011, cette association loi 1901 \u00e0 but non lucratif a une dimension r\u00e9gionale \u00e0 la R\u00e9union avec une ambition ultra marine pour \u00eatre en accord avec la r\u00e8glementation. Voulue par la loi HPST (H\u00f4pital Patients Sant\u00e9 et Territoires) du 21 juillet 2009 et par sa repr\u00e9sentativit\u00e9 \u00e9lective, elle puise sa l\u00e9gitimit\u00e9 dans ses missions de service public.<\/p>\n<p>Elles participent notamment :<\/p>\n\t\t\t\t<img loading=\"lazy\" decoding=\"async\" src=\"https:\/\/urpspharma.re\/wp-content\/uploads\/2024\/02\/Missions.png\" alt=\"Missions\" itemprop=\"image\" height=\"2000\" width=\"1414\" title=\"Missions\" onerror=\"this.style.display='none'\"  \/>\n\n","protected":false},"excerpt":{"rendered":"<p>Les missions Les missions des URPS (Unions R\u00e9gionales des Professionnels de Sant\u00e9) &nbsp; Cr\u00e9\u00e9e le 15 f\u00e9vrier 2011, cette association loi 1901 \u00e0 but non lucratif a une dimension r\u00e9gionale \u00e0 la R\u00e9union avec une ambition ultra marine pour \u00eatre en accord avec la r\u00e8glementation. Voulue par la loi HPST (H\u00f4pital Patients Sant\u00e9 et Territoires)&hellip;<\/p>\n","protected":false},"author":3,"featured_media":0,"parent":0,"menu_order":0,"comment_status":"open","ping_status":"closed","template":"","meta":{"footnotes":""},"amp_enabled":true,"_links":{"self":[{"href":"https:\/\/urpspharma.re\/index.php?rest_route=\/wp\/v2\/pages\/6267"}],"collection":[{"href":"https:\/\/urpspharma.re\/index.php?rest_route=\/wp\/v2\/pages"}],"about":[{"href":"https:\/\/urpspharma.re\/index.php?rest_route=\/wp\/v2\/types\/page"}],"author":[{"embeddable":true,"href":"https:\/\/urpspharma.re\/index.php?rest_route=\/wp\/v2\/users\/3"}],"replies":[{"embeddable":true,"href":"https:\/\/urpspharma.re\/index.php?rest_route=%2Fwp%2Fv2%2Fcomments&post=6267"}],"version-history":[{"count":2,"href":"https:\/\/urpspharma.re\/index.php?rest_route=\/wp\/v2\/pages\/6267\/revisions"}],"predecessor-version":[{"id":6269,"href":"https:\/\/urpspharma.re\/index.php?rest_route=\/wp\/v2\/pages\/6267\/revisions\/6269"}],"wp:attachment":[{"href":"https:\/\/urpspharma.re\/index.php?rest_route=%2Fwp%2Fv2%2Fmedia&parent=6267"}],"curies":[{"name":"wp","href":"https:\/\/api.w.org\/{rel}","templated":true}]}}