{"id":6462,"date":"2024-05-13T09:26:22","date_gmt":"2024-05-13T05:26:22","guid":{"rendered":"https:\/\/urpspharma.re\/?page_id=6462"},"modified":"2024-06-20T16:00:44","modified_gmt":"2024-06-20T12:00:44","slug":"action-rencontre-pharmaceutique-snp-copy","status":"publish","type":"page","link":"https:\/\/urpspharma.re\/?page_id=6462","title":{"rendered":"Action : Harmonisation des pratiques SNP"},"content":{"rendered":"\n<h1>\n\t\tHARMONISATION DES PRATIQUES\n\t<\/h1>\n<h1>\n\t\ten Soins Non Programm\u00e9s\n\t<\/h1>\n<h1>\n\t\t14 Pathologies au quotidien\n\t<\/h1>\n<h1>\n\t\tComment participer ?\n\t<\/h1>\n\t\t\t<a href=\"https:\/\/snp.urpspharma.re\/\" target=\"_blank\" rel=\"noopener\">\n\t\t\t\t\t\tCliquez ICI -> Cr\u00e9ation de mon compte sur le site : snp.urpspharma.re\n\t\t\t\t\t<\/a>\n\t<p>&nbsp;<\/p>\n<p><strong>Comment cr\u00e9er mon compte et enregistrer un questionnaire patient ?<\/strong> <\/p>\n<p>&gt;&gt;<a href=\"https:\/\/drive.google.com\/file\/d\/12Vnj2nSAxuCm_qaKQBj_oIJ1iRYo7B9G\/view?usp=drive_link\" target=\"_blank\" rel=\"noopener\"><strong>Tutoriel en cliquant ICI<\/strong> \u00a0 \u00a0 \u00a0 \u00a0 <\/a><\/p>\n<p>Attention : l&#8217;identifiant doit \u00eatre le nom de la pharmacie et 1 seul compte par pharmacie.<\/p>\n<h1>\n\t\tButs de l&#8217;action de votre URPS en d\u00e9tail\n\t<\/h1>\n\t<strong>Cette action forte mise en place par votre URPS a pour but d&#8217;apporter, \u00e0 l&#8217;aide d&#8217;indicateurs consolid\u00e9s et analys\u00e9s, des \u00e9l\u00e9ments d&#8217;\u00e9valuation et d&#8217;am\u00e9lioration du parcours de soins du patient consultant son pharmacien.<\/strong>\nAppel\u00e9 en renfort, avec le succ\u00e8s que l&#8217;on conna\u00eet dans la gestion de la crise du COVID,\u00a0 le pharmacien se positionne plus que jamais comme un acteur incontournable du premier recours en sant\u00e9 et se voit confi\u00e9 de plus en plus de nouvelles missions.\nL&#8217;<a href=\"https:\/\/www.legifrance.gouv.fr\/codes\/article_lc\/LEGIARTI000046812020\">article 30<\/a>\u00a0de la loi\u00a0<a href=\"https:\/\/www.legifrance.gouv.fr\/loda\/id\/JORFTEXT000038821260\">2019-774 du 24 juillet 2019<\/a>\u00a0modifi\u00e9e en 2022 relative \u00e0 l&#8217;organisation et \u00e0 la transformation du syst\u00e8me de sant\u00e9 reconna\u00eet d&#8217;ailleurs\u00a0 le pharmacien comme acteur majeur du soin non programm\u00e9 :\n<ul>\n<li dir=\"ltr\" aria-level=\"1\">\n1\u00b0 : en\u00a0 contribuant aux soins de premier recours d\u00e9finis \u00e0 l&#8217;article\u00a0<a href=\"https:\/\/www.legifrance.gouv.fr\/affichCodeArticle.do?cidTexte=LEGITEXT000006072665&amp;idArticle=LEGIARTI000006686929&amp;dateTexte=&amp;categorieLien=cid\">L. 1411-11\u00a0<\/a>;\n<\/li>\n<li dir=\"ltr\" aria-level=\"1\">\n2\u00b0 : en participant \u00e0 la coop\u00e9ration entre professionnels de sant\u00e9 ;\n<\/li>\n<li dir=\"ltr\" aria-level=\"1\">\n3\u00b0 : en participant \u00e0 la mission de service public de la permanence des soins ;\n<\/li>\n<li dir=\"ltr\" aria-level=\"1\">\n4\u00b0:\u00a0 en concourant aux actions de veille et de protection sanitaire organis\u00e9es par les autorit\u00e9s de sant\u00e9 ;\n<\/li>\n<li role=\"presentation\">5\u00b0 : en pouvant participer \u00e0 l&#8217;\u00e9ducation th\u00e9rapeutique et aux actions d&#8217;accompagnement de patient<\/li>\n<\/ul>\n\t\t\t\t<img loading=\"lazy\" decoding=\"async\" src=\"https:\/\/urpspharma.re\/wp-content\/uploads\/2024\/04\/details-action-2024.png\" alt=\"d\u00e9tails action 2024\" itemprop=\"image\" height=\"1414\" width=\"2000\" title=\"d\u00e9tails action 2024\" onerror=\"this.style.display='none'\"  \/>\n\t<p><strong>La pharmacie b\u00e9n\u00e9ficiera d&#8217;une indemnisation de 10\u20ac par entretien avec un forfait de 250\u20ac par officine <\/strong><strong>(dans la limite des 5000 entretiens pr\u00e9vu pour cette action \u00e0 l&#8217;\u00e9chelle r\u00e9gionale)<\/strong><\/p>\n<h1>\n\t\t14 pathologies fr\u00e9quentes au comptoir\n\t<\/h1>\n\tVotre URPS a souhait\u00e9 vous proposer un sch\u00e9ma d&#8217;harmonisation des pratiques relatives \u00e0 l&#8217;accueil du patient dans ses besoins de soins de premier recours au quotidien d\u00e9clin\u00e9 sur 14 pathologies fr\u00e9quentes au comptoir.\n\nCeci s&#8217;inscrit dans la politique nationale de d\u00e9veloppement de l&#8217;interprofessionnalit\u00e9 reprise par les ARS et les CPTS :\u00a0\n<strong>&#8220;le pharmacien, acteur majeur du soin non programm\u00e9&#8221;<\/strong>\n\t<p><img loading=\"lazy\" decoding=\"async\" src=\"https:\/\/urpspharma.re\/wp-content\/uploads\/2024\/04\/14-pathologies-1024x724.png\" alt=\"\" width=\"600\" height=\"424\" \/><\/p>\n<h1>\n\t\tO\u00f9 en sommes nous\n\t<\/h1>\n\t\t\t446\n\t\t\t\t\t\t\tquestionnaires au 02\/05\/2024\n\t\t\t16%\n\t\t\t\t\t\t\tpharmacies inscrites\n<h1>\n\t\tVotre actualit\u00e9\n\t<\/h1>\n\n","protected":false},"excerpt":{"rendered":"<p>HARMONISATION DES PRATIQUES en Soins Non Programm\u00e9s 14 Pathologies au quotidien Comment participer ? Cliquez ICI -> Cr\u00e9ation de mon compte sur le site : snp.urpspharma.re &nbsp; Comment cr\u00e9er mon compte et enregistrer un questionnaire patient ? &gt;&gt;Tutoriel en cliquant ICI \u00a0 \u00a0 \u00a0 \u00a0 Attention : l&#8217;identifiant doit \u00eatre le nom de la pharmacie&hellip;<\/p>\n","protected":false},"author":3,"featured_media":0,"parent":0,"menu_order":0,"comment_status":"closed","ping_status":"closed","template":"","meta":{"footnotes":""},"amp_enabled":true,"_links":{"self":[{"href":"https:\/\/urpspharma.re\/index.php?rest_route=\/wp\/v2\/pages\/6462"}],"collection":[{"href":"https:\/\/urpspharma.re\/index.php?rest_route=\/wp\/v2\/pages"}],"about":[{"href":"https:\/\/urpspharma.re\/index.php?rest_route=\/wp\/v2\/types\/page"}],"author":[{"embeddable":true,"href":"https:\/\/urpspharma.re\/index.php?rest_route=\/wp\/v2\/users\/3"}],"replies":[{"embeddable":true,"href":"https:\/\/urpspharma.re\/index.php?rest_route=%2Fwp%2Fv2%2Fcomments&post=6462"}],"version-history":[{"count":14,"href":"https:\/\/urpspharma.re\/index.php?rest_route=\/wp\/v2\/pages\/6462\/revisions"}],"predecessor-version":[{"id":6614,"href":"https:\/\/urpspharma.re\/index.php?rest_route=\/wp\/v2\/pages\/6462\/revisions\/6614"}],"wp:attachment":[{"href":"https:\/\/urpspharma.re\/index.php?rest_route=%2Fwp%2Fv2%2Fmedia&parent=6462"}],"curies":[{"name":"wp","href":"https:\/\/api.w.org\/{rel}","templated":true}]}}